{"id":2466,"date":"2019-07-12T15:29:22","date_gmt":"2019-07-12T13:29:22","guid":{"rendered":"https:\/\/www.etnaest.com\/?page_id=2466"},"modified":"2023-08-03T17:17:30","modified_gmt":"2023-08-03T15:17:30","slug":"stromboli-barca-notte-fr","status":"publish","type":"page","link":"https:\/\/www.etnaest.com\/fr\/stromboli-barca-notte-fr\/","title":{"rendered":"Stromboli tour en bateau"},"content":{"rendered":"<div class=\"prit\">\n<div class=\"fusion-fullwidth fullwidth-box fusion-builder-row-1 fusion-flex-container hundred-percent-fullwidth non-hundred-percent-height-scrolling\" style=\"--awb-border-radius-top-left:0px;--awb-border-radius-top-right:0px;--awb-border-radius-bottom-right:0px;--awb-border-radius-bottom-left:0px;--awb-overflow:visible;--awb-flex-wrap:wrap;\" ><div class=\"fusion-builder-row fusion-row fusion-flex-align-items-flex-start fusion-flex-content-wrap\" style=\"width:104% !important;max-width:104% !important;margin-left: calc(-4% \/ 2 );margin-right: calc(-4% \/ 2 );\"><div class=\"fusion-layout-column fusion_builder_column fusion-builder-column-0 fusion_builder_column_1_1 1_1 fusion-flex-column fusion-flex-align-self-flex-start fusion-column-no-min-height\" style=\"--awb-bg-size:cover;--awb-width-large:100%;--awb-margin-top-large:0px;--awb-spacing-right-large:1.92%;--awb-margin-bottom-large:0px;--awb-spacing-left-large:1.92%;--awb-width-medium:100%;--awb-spacing-right-medium:1.92%;--awb-spacing-left-medium:1.92%;--awb-width-small:100%;--awb-spacing-right-small:1.92%;--awb-spacing-left-small:1.92%;\"><div class=\"fusion-column-wrapper fusion-flex-justify-content-flex-start fusion-content-layout-column\"><i class=\"fb-icon-element-1 fb-icon-element fontawesome-icon fa fa-credit-card circle-no fusion-text-flow fusion-animated\" style=\"--awb-iconcolor:#FF5D16;--awb-iconcolor-hover:#FF5D16;--awb-font-size:18px;--awb-margin-right:9px;\" data-animationType=\"fadeInUp\" data-animationDuration=\".5\" data-animationOffset=\"top-into-view\"><\/i><a href=\"#preno\"><strong>R\u00c9SERVEZ EN LIGNE<\/strong><\/a><\/p>\n<\/div>\n<div class=\"detit\">\n<ul>\n<li><i class=\"fb-icon-element-2 fb-icon-element fontawesome-icon fa fa-clock-o circle-no fusion-text-flow fusion-animated\" style=\"--awb-iconcolor:#FF5D16;--awb-iconcolor-hover:#FF5D16;--awb-font-size:18px;--awb-margin-right:9px;\" data-animationType=\"fadeInUp\" data-animationDuration=\".5\" data-animationOffset=\"top-into-view\"><\/i>D\u00e9part: h20:00<\/li>\n<li><i class=\"fb-icon-element-3 fb-icon-element fontawesome-icon fa fa-history circle-no fusion-text-flow fusion-animated\" style=\"--awb-iconcolor:#FF5D16;--awb-iconcolor-hover:#FF5D16;--awb-font-size:18px;--awb-margin-right:9px;\" data-animationType=\"fadeInUp\" data-animationDuration=\".5\" data-animationOffset=\"top-into-view\"><\/i> Dur\u00e9e: 1h30 minutes<\/li>\n<li><i class=\"fb-icon-element-4 fb-icon-element fontawesome-icon fa fa-signal circle-no fusion-text-flow fusion-animated\" style=\"--awb-iconcolor:#FF5D16;--awb-iconcolor-hover:#FF5D16;--awb-font-size:18px;--awb-margin-right:9px;\" data-animationType=\"fadeInUp\" data-animationDuration=\".5\" data-animationOffset=\"top-into-view\"><\/i> Niveau de difficult\u00e9: Interm\u00e9diaire<\/li>\n<\/ul>\n<\/div>\n<div class=\"fusion-separator fusion-has-icon\" style=\"align-self: center;margin-left: auto;margin-right: auto;margin-top:20px;margin-bottom:20px;width:100%;max-width:50%;\"><div class=\"fusion-separator-border sep-single sep-solid\" style=\"--awb-height:20px;--awb-amount:20px;border-color:#3e3e3e;border-top-width:1px;\"><\/div><span class=\"icon-wrapper\" style=\"border-color:#3e3e3e;background-color:rgba(255,255,255,0);font-size:16px;width: 1.75em; height: 1.75em;border-width:1px;padding:1px;margin-top:-0.5px\"><i class=\" fa fa-angle-down\" style=\"font-size: inherit;color:#e2e2e2;\" aria-hidden=\"true\"><\/i><\/span><div class=\"fusion-separator-border sep-single sep-solid\" style=\"--awb-height:20px;--awb-amount:20px;border-color:#3e3e3e;border-top-width:1px;\"><\/div><\/div>\n<h1>PROGRAMME<\/h1>\n<\/div><\/div><div class=\"fusion-layout-column fusion_builder_column fusion-builder-column-1 fusion_builder_column_1_1 1_1 fusion-flex-column fusion-flex-align-self-flex-start fusion-column-no-min-height\" style=\"--awb-bg-size:cover;--awb-width-large:100%;--awb-margin-top-large:0px;--awb-spacing-right-large:1.92%;--awb-margin-bottom-large:0px;--awb-spacing-left-large:1.92%;--awb-width-medium:100%;--awb-spacing-right-medium:1.92%;--awb-spacing-left-medium:1.92%;--awb-width-small:100%;--awb-spacing-right-small:1.92%;--awb-spacing-left-small:1.92%;\"><div class=\"fusion-column-wrapper fusion-flex-justify-content-flex-start fusion-content-layout-column\"><ul style=\"--awb-line-height:27.2px;--awb-icon-width:27.2px;--awb-icon-height:27.2px;--awb-icon-margin:11.2px;--awb-content-margin:38.4px;\" class=\"fusion-checklist fusion-checklist-1 fusion-checklist-default type-icons\">\n<li class=\"fusion-li-item\" style=\"--awb-iconcolor:#FF5D16;\"><span class=\"icon-wrapper circle-no\"><i class=\"fusion-li-icon fa fa-check-circle\" aria-hidden=\"true\"><\/i><\/span><div class=\"fusion-li-item-content\">Stromboli tour en bateau est l&rsquo;excursion parfaite\u00a0 chez l\u2019All\u00e9e du Feu \u00abSciara del Fuoco en italien\u00bb pour admirer en toute s\u00e9curit\u00e9 l&rsquo;incroyable activit\u00e9 du volcan<\/div><\/li>\n<li class=\"fusion-li-item\" style=\"--awb-iconcolor:#FF5D16;\"><span class=\"icon-wrapper circle-no\"><i class=\"fusion-li-icon fa fa-check-circle\" aria-hidden=\"true\"><\/i><\/span><div class=\"fusion-li-item-content\">Le rendez-vous aura lieu chez notre point d\u2019information situ\u00e9 Via Marina, SNC &#8211; 98050 Stromboli, \u00e0 c\u00f4t\u00e9 du bar Blunotte \u00e0 20h00<\/div><\/li>\n<li class=\"fusion-li-item\" style=\"--awb-iconcolor:#FF5D16;\"><span class=\"icon-wrapper circle-no\"><i class=\"fusion-li-icon fa fa-check-circle\" aria-hidden=\"true\"><\/i><\/span><div class=\"fusion-li-item-content\">Le bateau partira du port de Scari juste apr\u00e8s le coucher du soleil et \u00e0 une vitesse lente, il se rapprochera chez l\u2019All\u00e9e du Feu (l&rsquo;accumulation volcanique qui se forme sur les flancs des coul\u00e9es de lave)<\/div><\/li>\n<li class=\"fusion-li-item\" style=\"--awb-iconcolor:#FF5D16;\"><span class=\"icon-wrapper circle-no\"><i class=\"fusion-li-icon fa fa-check-circle\" aria-hidden=\"true\"><\/i><\/span><div class=\"fusion-li-item-content\">Le bateau s\u2019arr\u00eatera \u00e0 un kilom\u00e8tre de la c\u00f4te pour admirer le spectacle naturel de l\u2019activit\u00e9 strombolienne, des \u00e9ruptions volcaniques verticales avec d\u2019impressionnantes explosions de magma incandescent qui, en quelques secondes, percent le bleu du ciel nocturne en le peignant en rouge, jaune et orange brillant.<br \/>\nLes cendres et les lapillis jet\u00e9s vers le ciel, en tombant le long de la pente de l\u2019All\u00e9e du Feu, roulent et rebondissent bruyamment vers la mer, en donnant l&rsquo;impression d&rsquo;un glouglou sourd<\/div><\/li>\n<li class=\"fusion-li-item\" style=\"--awb-iconcolor:#FF5D16;\"><span class=\"icon-wrapper circle-no\"><i class=\"fusion-li-icon fa fa-check-circle\" aria-hidden=\"true\"><\/i><\/span><div class=\"fusion-li-item-content\">La dur\u00e9e de la visite est d\u2019environ 1 heure et 30 minutes. L&rsquo;arr\u00eat le long de l\u2019All\u00e9e du Feu durera environ 50 minutes<\/div><\/li>\n<li class=\"fusion-li-item\" style=\"--awb-iconcolor:#FF5D16;\"><span class=\"icon-wrapper circle-no\"><i class=\"fusion-li-icon fa fa-check-circle\" aria-hidden=\"true\"><\/i><\/span><div class=\"fusion-li-item-content\">Stromboli tour en bateau est certainement l\u2019un des tours les plus \u00e9vocateurs et impressionnants \u00e0 vivre sur l\u2019\u00eele<\/div><\/li>\n<p><em><strong>Excursion avec Guide priv\u00e9e exclusive (tarif sur requ\u00eate);<br \/>\nAccords priv\u00e9s pour agences, tour-op\u00e9rateurs, groupes.<\/strong><\/em><\/p>\n<\/ul>\n<div class=\"fusion-separator fusion-has-icon\" style=\"align-self: center;margin-left: auto;margin-right: auto;margin-top:20px;margin-bottom:40px;width:100%;max-width:50%;\"><div class=\"fusion-separator-border sep-single sep-solid\" style=\"--awb-height:20px;--awb-amount:20px;border-color:#3e3e3e;border-top-width:1px;\"><\/div><span class=\"icon-wrapper\" style=\"border-color:#3e3e3e;background-color:rgba(255,255,255,0);font-size:16px;width: 1.75em; height: 1.75em;border-width:1px;padding:1px;margin-top:-0.5px\"><i class=\" fa fa-angle-down\" style=\"font-size: inherit;color:#e2e2e2;\" aria-hidden=\"true\"><\/i><\/span><div class=\"fusion-separator-border sep-single sep-solid\" style=\"--awb-height:20px;--awb-amount:20px;border-color:#3e3e3e;border-top-width:1px;\"><\/div><\/div>\n<\/div><\/div><div class=\"fusion-layout-column fusion_builder_column fusion-builder-column-2 fusion_builder_column_1_3 1_3 fusion-flex-column\" style=\"--awb-bg-size:cover;--awb-width-large:33.333333333333%;--awb-margin-top-large:0px;--awb-spacing-right-large:5.76%;--awb-margin-bottom-large:20px;--awb-spacing-left-large:5.76%;--awb-width-medium:33.333333333333%;--awb-spacing-right-medium:5.76%;--awb-spacing-left-medium:5.76%;--awb-width-small:100%;--awb-spacing-right-small:1.92%;--awb-spacing-left-small:1.92%;\"><div class=\"fusion-column-wrapper fusion-flex-justify-content-flex-start fusion-content-layout-column\"><div class=\"fusion-image-element \" style=\"--awb-caption-title-font-family:var(--h2_typography-font-family);--awb-caption-title-font-weight:var(--h2_typography-font-weight);--awb-caption-title-font-style:var(--h2_typography-font-style);--awb-caption-title-size:var(--h2_typography-font-size);--awb-caption-title-transform:var(--h2_typography-text-transform);--awb-caption-title-line-height:var(--h2_typography-line-height);--awb-caption-title-letter-spacing:var(--h2_typography-letter-spacing);\"><span class=\" fusion-imageframe imageframe-dropshadow imageframe-1 hover-type-none fusion-animated\" style=\"-webkit-box-shadow: 3px 3px 7px rgba(0,0,0,0.3);box-shadow: 3px 3px 7px rgba(0,0,0,0.3);\" data-animationType=\"fadeInUp\" data-animationDuration=\".5\" data-animationOffset=\"top-into-view\"><a href=\"https:\/\/www.etnaest.com\/wp-content\/uploads\/2019\/07\/strom1.jpg\" class=\"fusion-lightbox\" data-rel=\"iLightbox[31a65d00bc7c89a0026]\" data-title=\"strom1\" title=\"strom1\"><img decoding=\"async\" width=\"2000\" height=\"1333\" alt=\"Stromboli tour en bateau\" src=\"data:image\/svg+xml,%3Csvg%20xmlns%3D%27http%3A%2F%2Fwww.w3.org%2F2000%2Fsvg%27%20width%3D%272000%27%20height%3D%271333%27%20viewBox%3D%270%200%202000%201333%27%3E%3Crect%20width%3D%272000%27%20height%3D%271333%27%20fill-opacity%3D%220%22%2F%3E%3C%2Fsvg%3E\" data-orig-src=\"https:\/\/www.etnaest.com\/wp-content\/uploads\/2019\/07\/strom1.jpg\" class=\"lazyload img-responsive wp-image-4542\"\/><\/a><\/span><\/div><\/div><\/div>\n<div class=\"fusion-layout-column fusion_builder_column fusion-builder-column-3 fusion_builder_column_1_3 1_3 fusion-flex-column\" style=\"--awb-bg-size:cover;--awb-width-large:33.333333333333%;--awb-margin-top-large:0px;--awb-spacing-right-large:5.76%;--awb-margin-bottom-large:20px;--awb-spacing-left-large:5.76%;--awb-width-medium:33.333333333333%;--awb-spacing-right-medium:5.76%;--awb-spacing-left-medium:5.76%;--awb-width-small:100%;--awb-spacing-right-small:1.92%;--awb-spacing-left-small:1.92%;\"><div class=\"fusion-column-wrapper fusion-flex-justify-content-flex-start fusion-content-layout-column\"><div class=\"fusion-image-element \" style=\"--awb-caption-title-font-family:var(--h2_typography-font-family);--awb-caption-title-font-weight:var(--h2_typography-font-weight);--awb-caption-title-font-style:var(--h2_typography-font-style);--awb-caption-title-size:var(--h2_typography-font-size);--awb-caption-title-transform:var(--h2_typography-text-transform);--awb-caption-title-line-height:var(--h2_typography-line-height);--awb-caption-title-letter-spacing:var(--h2_typography-letter-spacing);\"><span class=\" fusion-imageframe imageframe-dropshadow imageframe-2 hover-type-none fusion-animated\" style=\"-webkit-box-shadow: 3px 3px 7px rgba(0,0,0,0.3);box-shadow: 3px 3px 7px rgba(0,0,0,0.3);\" data-animationType=\"fadeInUp\" data-animationDuration=\".5\" data-animationOffset=\"top-into-view\"><a href=\"https:\/\/www.etnaest.com\/wp-content\/uploads\/2019\/07\/strom3.jpg\" class=\"fusion-lightbox\" data-rel=\"iLightbox[03f8e9e5069a400e3b7]\" data-title=\"strom3\" title=\"strom3\"><img decoding=\"async\" width=\"2000\" height=\"1333\" alt=\"Stromboli tour dans la nuit\" src=\"data:image\/svg+xml,%3Csvg%20xmlns%3D%27http%3A%2F%2Fwww.w3.org%2F2000%2Fsvg%27%20width%3D%272000%27%20height%3D%271333%27%20viewBox%3D%270%200%202000%201333%27%3E%3Crect%20width%3D%272000%27%20height%3D%271333%27%20fill-opacity%3D%220%22%2F%3E%3C%2Fsvg%3E\" data-orig-src=\"https:\/\/www.etnaest.com\/wp-content\/uploads\/2019\/07\/strom3.jpg\" class=\"lazyload img-responsive wp-image-4546\"\/><\/a><\/span><\/div><\/div><\/div>\n<div class=\"fusion-layout-column fusion_builder_column fusion-builder-column-4 fusion_builder_column_1_3 1_3 fusion-flex-column\" style=\"--awb-bg-size:cover;--awb-width-large:33.333333333333%;--awb-margin-top-large:0px;--awb-spacing-right-large:5.76%;--awb-margin-bottom-large:20px;--awb-spacing-left-large:5.76%;--awb-width-medium:33.333333333333%;--awb-spacing-right-medium:5.76%;--awb-spacing-left-medium:5.76%;--awb-width-small:100%;--awb-spacing-right-small:1.92%;--awb-spacing-left-small:1.92%;\"><div class=\"fusion-column-wrapper fusion-flex-justify-content-flex-start fusion-content-layout-column\"><div class=\"fusion-image-element \" style=\"--awb-caption-title-font-family:var(--h2_typography-font-family);--awb-caption-title-font-weight:var(--h2_typography-font-weight);--awb-caption-title-font-style:var(--h2_typography-font-style);--awb-caption-title-size:var(--h2_typography-font-size);--awb-caption-title-transform:var(--h2_typography-text-transform);--awb-caption-title-line-height:var(--h2_typography-line-height);--awb-caption-title-letter-spacing:var(--h2_typography-letter-spacing);\"><span class=\" fusion-imageframe imageframe-dropshadow imageframe-3 hover-type-none fusion-animated\" style=\"-webkit-box-shadow: 3px 3px 7px rgba(0,0,0,0.3);box-shadow: 3px 3px 7px rgba(0,0,0,0.3);\" data-animationType=\"fadeInUp\" data-animationDuration=\".5\" data-animationOffset=\"top-into-view\"><a href=\"https:\/\/www.etnaest.com\/wp-content\/uploads\/2019\/07\/strom2.jpg\" class=\"fusion-lightbox\" data-rel=\"iLightbox[eb8763c379ba96bcbfa]\" data-title=\"strom2\" title=\"strom2\"><img decoding=\"async\" width=\"2000\" height=\"1333\" alt=\"Visiter l\" src=\"data:image\/svg+xml,%3Csvg%20xmlns%3D%27http%3A%2F%2Fwww.w3.org%2F2000%2Fsvg%27%20width%3D%272000%27%20height%3D%271333%27%20viewBox%3D%270%200%202000%201333%27%3E%3Crect%20width%3D%272000%27%20height%3D%271333%27%20fill-opacity%3D%220%22%2F%3E%3C%2Fsvg%3E\" data-orig-src=\"https:\/\/www.etnaest.com\/wp-content\/uploads\/2019\/07\/strom2.jpg\" class=\"lazyload img-responsive wp-image-4544\"\/><\/a><\/span><\/div><\/div><\/div>\n<div class=\"fusion-layout-column fusion_builder_column fusion-builder-column-5 fusion_builder_column_1_1 1_1 fusion-flex-column fusion-flex-align-self-flex-start fusion-column-no-min-height\" style=\"--awb-bg-size:cover;--awb-width-large:100%;--awb-margin-top-large:0px;--awb-spacing-right-large:1.92%;--awb-margin-bottom-large:0px;--awb-spacing-left-large:1.92%;--awb-width-medium:100%;--awb-spacing-right-medium:1.92%;--awb-spacing-left-medium:1.92%;--awb-width-small:100%;--awb-spacing-right-small:1.92%;--awb-spacing-left-small:1.92%;\"><div class=\"fusion-column-wrapper fusion-flex-justify-content-flex-start fusion-content-layout-column\"><div class=\"fusion-separator fusion-full-width-sep\" style=\"align-self: center;margin-left: auto;margin-right: auto;margin-top:20px;width:100%;\"><\/div>\n<div class=\"skdett\"><\/div><\/div><div class=\"fusion-layout-column fusion_builder_column fusion-builder-column-6 fusion_builder_column_1_2 1_2 fusion-flex-column\" style=\"--awb-bg-size:cover;--awb-width-large:50%;--awb-margin-top-large:0px;--awb-spacing-right-large:3.84%;--awb-margin-bottom-large:20px;--awb-spacing-left-large:3.84%;--awb-width-medium:50%;--awb-spacing-right-medium:3.84%;--awb-spacing-left-medium:3.84%;--awb-width-small:100%;--awb-spacing-right-small:1.92%;--awb-spacing-left-small:1.92%;\"><div class=\"fusion-column-wrapper fusion-flex-justify-content-flex-start fusion-content-layout-column\">\n<div class=\"fusion-title title fusion-title-1 fusion-sep-none fusion-title-text fusion-title-size-three\"><h3 class=\"fusion-title-heading title-heading-left\" style=\"margin:0;\">LE PRIX COMPREND<\/h3><\/div>\n<ul style=\"--awb-line-height:27.2px;--awb-icon-width:27.2px;--awb-icon-height:27.2px;--awb-icon-margin:11.2px;--awb-content-margin:38.4px;\" class=\"fusion-checklist fusion-checklist-2 fusion-checklist-default type-icons\">\n<li class=\"fusion-li-item\" style=\"--awb-iconcolor:#ffffff;\"><span class=\"icon-wrapper circle-no\"><i class=\"fusion-li-icon fa fa-caret-right\" aria-hidden=\"true\"><\/i><\/span><div class=\"fusion-li-item-content\">Assurance<\/div><\/li>\n<li class=\"fusion-li-item\" style=\"--awb-iconcolor:#ffffff;\"><span class=\"icon-wrapper circle-no\"><i class=\"fusion-li-icon fa fa-caret-right\" aria-hidden=\"true\"><\/i><\/span><div class=\"fusion-li-item-content\">Ce qui est express\u00e9ment pr\u00e9vu dans le programme<\/div><\/li>\n<\/ul>\n<\/div><\/div>\n<div class=\"fusion-layout-column fusion_builder_column fusion-builder-column-7 fusion_builder_column_1_2 1_2 fusion-flex-column\" style=\"--awb-bg-size:cover;--awb-width-large:50%;--awb-margin-top-large:0px;--awb-spacing-right-large:3.84%;--awb-margin-bottom-large:20px;--awb-spacing-left-large:3.84%;--awb-width-medium:50%;--awb-spacing-right-medium:3.84%;--awb-spacing-left-medium:3.84%;--awb-width-small:100%;--awb-spacing-right-small:1.92%;--awb-spacing-left-small:1.92%;\"><div class=\"fusion-column-wrapper fusion-flex-justify-content-flex-start fusion-content-layout-column\">\n<div class=\"fusion-title title fusion-title-2 fusion-sep-none fusion-title-text fusion-title-size-three\"><h3 class=\"fusion-title-heading title-heading-left\" style=\"margin:0;\">\u00c9QUIPEMENT NECESSAIRE<\/h3><\/div>\n<ul style=\"--awb-line-height:27.2px;--awb-icon-width:27.2px;--awb-icon-height:27.2px;--awb-icon-margin:11.2px;--awb-content-margin:38.4px;\" class=\"fusion-checklist fusion-checklist-3 fusion-checklist-default type-icons\">\n<li class=\"fusion-li-item\" style=\"--awb-iconcolor:#ffffff;\"><span class=\"icon-wrapper circle-no\"><i class=\"fusion-li-icon fa fa-caret-right\" aria-hidden=\"true\"><\/i><\/span><div class=\"fusion-li-item-content\">Eau<\/div><\/li>\n<li class=\"fusion-li-item\" style=\"--awb-iconcolor:#ffffff;\"><span class=\"icon-wrapper circle-no\"><i class=\"fusion-li-icon fa fa-caret-right\" aria-hidden=\"true\"><\/i><\/span><div class=\"fusion-li-item-content\">Snacks<\/div><\/li><\/ul>\n<\/div><\/div>\n<div class=\"fusion-layout-column fusion_builder_column fusion-builder-column-8 fusion_builder_column_1_1 1_1 fusion-flex-column fusion-flex-align-self-flex-start fusion-column-no-min-height\" style=\"--awb-bg-size:cover;--awb-width-large:100%;--awb-margin-top-large:0px;--awb-spacing-right-large:1.92%;--awb-margin-bottom-large:0px;--awb-spacing-left-large:1.92%;--awb-width-medium:100%;--awb-spacing-right-medium:1.92%;--awb-spacing-left-medium:1.92%;--awb-width-small:100%;--awb-spacing-right-small:1.92%;--awb-spacing-left-small:1.92%;\"><div class=\"fusion-column-wrapper fusion-flex-justify-content-flex-start fusion-content-layout-column\"><div class=\"fusion-title title fusion-title-3 fusion-sep-none fusion-title-text fusion-title-size-three\"><h3 class=\"fusion-title-heading title-heading-left\" style=\"margin:0;\">INFORMAZIONS UTILES<\/h3><\/div><strong>Changements<\/strong><br \/>\nLes excursions peuvent subir des changements ou \u00eatre interrompues \u00e0 discr\u00e9tion du guide en cas de mauvais temps ou si les conditions environnementales ou le risque volcanique repr\u00e9sentent une source de danger.<\/p>\n<p>En outre, le guide peut interrompre l\u2019excursion si la s\u00e9curit\u00e9 ou l\u2019int\u00e9grit\u00e9 physique d\u2019une personne ou de tout le groupe sont compromises.<\/p>\n<\/div>\n<p><!--\n\n\n<div style=\"text-align: right;\">&#091;fusion_button link=\"http:\/\/www.etnaest.com\/#prenotazioni\" color=\"\" size=\"\" type=\"\" shape=\"\" target=\"_self\" title=\"Prenota ora\" gradient_colors=\"\" gradient_hover_colors=\"\" accent_color=\"\" accent_hover_color=\"\" bevel_color=\"\" border_width=\"\" shadow=\"\" icon=\"fa-hand-o-right\" icon_divider=\"yes\" icon_position=\"left\" modal=\"\" animation_type=\"fade\" animation_direction=\"up\" animation_speed=\".5\"&#093;Prenota ora!&#091;\/fusion_button&#093;<\/div>\n\n\n--><br \/>\n<a name=\"preno\"><\/a><\/p>\n<h1>R\u00c9SERVEZ MAINTENANT Stromboli tour en bateau!<\/h1>\n<p>&nbsp;<\/p>\n<div class=\"prenotaora\">\n<div class=\"pren-one\"><span style=\"font-size: 30px; font-weight: bold;\">20\u20ac pp<\/span><br \/>\n<span style=\"font-size: 15px; font-weight: bold;\">MIN 20 PAX<\/span><br \/>\n<button class=\"regiondo-button regiondo-big\" style=\"background-color: #db5925; color: #ffffff; border: 0px;\" data-url=\"https:\/\/etnaest.regiondo.fr\/bookingwidget\/vendor\/21756\/id\/98767\">R\u00c9SERVEZ MAINTENANT<\/button><br \/>\n<script async defer data-cart-position=\"bottom-left\" data-cart-font=\"bold 15px\/1 'Open Sans','Helvetica Neue',Helvetica,Arial,sans-serif\" data-cart-background=\"#ef6832\" data-cart-color=\"#ffffff\" data-cart-icon=\"https:\/\/cdn.regiondo.net\/js\/integration\/regiondo-cart-icon.png\" data-cart-qty=\"true\" data-cart-price=\"true\" data-cart-show=\"true\" data-url=\"https:\/\/etnaest.regiondo.fr\/\" src=\"https:\/\/cdn.regiondo.net\/js\/integration\/regiondo-button.js\" id=\"regiondo-button-js\"><\/script><\/div>\n<\/div>\n<\/div><\/div><\/div><\/div>\n","protected":false},"excerpt":{"rendered":"","protected":false},"author":4,"featured_media":0,"parent":0,"menu_order":0,"comment_status":"closed","ping_status":"closed","template":"","meta":{"footnotes":""},"class_list":["post-2466","page","type-page","status-publish","hentry"],"_links":{"self":[{"href":"https:\/\/www.etnaest.com\/fr\/wp-json\/wp\/v2\/pages\/2466","targetHints":{"allow":["GET"]}}],"collection":[{"href":"https:\/\/www.etnaest.com\/fr\/wp-json\/wp\/v2\/pages"}],"about":[{"href":"https:\/\/www.etnaest.com\/fr\/wp-json\/wp\/v2\/types\/page"}],"author":[{"embeddable":true,"href":"https:\/\/www.etnaest.com\/fr\/wp-json\/wp\/v2\/users\/4"}],"replies":[{"embeddable":true,"href":"https:\/\/www.etnaest.com\/fr\/wp-json\/wp\/v2\/comments?post=2466"}],"version-history":[{"count":0,"href":"https:\/\/www.etnaest.com\/fr\/wp-json\/wp\/v2\/pages\/2466\/revisions"}],"wp:attachment":[{"href":"https:\/\/www.etnaest.com\/fr\/wp-json\/wp\/v2\/media?parent=2466"}],"curies":[{"name":"wp","href":"https:\/\/api.w.org\/{rel}","templated":true}]}}