{"id":696,"date":"2014-02-08T18:40:37","date_gmt":"2014-02-08T17:40:37","guid":{"rendered":"http:\/\/www.etnaest.com\/?page_id=696"},"modified":"2024-04-29T10:01:21","modified_gmt":"2024-04-29T08:01:21","slug":"visite-etna-au-matin","status":"publish","type":"page","link":"https:\/\/www.etnaest.com\/fr\/visite-etna-au-matin\/","title":{"rendered":"Etna au Matin"},"content":{"rendered":"<p><div class=\"fusion-fullwidth fullwidth-box fusion-builder-row-1 fusion-flex-container fusion-parallax-none hundred-percent-fullwidth non-hundred-percent-height-scrolling lazyload\" style=\"--awb-border-radius-top-left:0px;--awb-border-radius-top-right:0px;--awb-border-radius-bottom-right:0px;--awb-border-radius-bottom-left:0px;--awb-padding-top:90px;--awb-padding-left:20px;--awb-margin-top:0px;--awb-margin-bottom:0px;--awb-min-height:400px;--awb-background-color:#1f2e37;--awb-background-size:cover;--awb-flex-wrap:wrap;\" data-bg=\"https:\/\/www.etnaest.com\/wp-content\/uploads\/2014\/08\/bkg-verde.jpg\" ><div class=\"fusion-builder-row fusion-row fusion-flex-align-items-flex-start fusion-flex-align-content-center fusion-flex-content-wrap\" style=\"width:104% !important;max-width:104% !important;margin-left: calc(-4% \/ 2 );margin-right: calc(-4% \/ 2 );\"><div class=\"fusion-layout-column fusion_builder_column fusion-builder-column-0 fusion_builder_column_1_1 1_1 fusion-flex-column\" style=\"--awb-bg-position:center center;--awb-bg-size:cover;--awb-width-large:100%;--awb-margin-top-large:0px;--awb-spacing-right-large:1.92%;--awb-margin-bottom-large:0px;--awb-spacing-left-large:1.92%;--awb-width-medium:100%;--awb-spacing-right-medium:1.92%;--awb-spacing-left-medium:1.92%;--awb-width-small:100%;--awb-spacing-right-small:1.92%;--awb-spacing-left-small:1.92%;\"><div class=\"fusion-column-wrapper fusion-column-has-shadow fusion-flex-justify-content-flex-start fusion-content-layout-column\"><div class=\"fusion-title title fusion-title-1 fusion-sep-none fusion-title-center fusion-title-highlight fusion-loop-off fusion-highlight-strikethrough fusion-title-size-one titolone\" style=\"--awb-text-color:#ffffff;--awb-margin-top:80px;--awb-margin-top-small:50px;--awb-margin-bottom-small:100px;--awb-font-size:50px;\" data-highlight=\"strikethrough\"><h1 class=\"fusion-title-heading title-heading-center\" style=\"margin:0;font-size:1em;\"><span class=\"fusion-highlighted-text-prefix\"><\/span>  <span class=\"fusion-highlighted-text-postfix\">ETNA AU MATIN<\/span><\/h1><\/div><div class=\"fusion-text fusion-text-1\" style=\"--awb-text-transform:none;\"><div class=\"icoletta\">\n<div class=\"icol-1\"><img class=\"lazyload\" decoding=\"async\" src=\"data:image\/svg+xml,%3Csvg%20xmlns%3D%27http%3A%2F%2Fwww.w3.org%2F2000%2Fsvg%27%20width%3D%27210%27%20height%3D%27142%27%20viewBox%3D%270%200%20210%20142%27%3E%3Crect%20width%3D%27210%27%20height%3D%27142%27%20fill-opacity%3D%220%22%2F%3E%3C%2Fsvg%3E\" data-orig-src=\"https:\/\/www.etnaest.com\/wp-content\/uploads\/2020\/06\/ico-car.png\" \/>Transfer gratuit Catania-Etna<\/div>\n<div class=\"icol-2\"><img class=\"lazyload\" decoding=\"async\" src=\"data:image\/svg+xml,%3Csvg%20xmlns%3D%27http%3A%2F%2Fwww.w3.org%2F2000%2Fsvg%27%20width%3D%2771%27%20height%3D%2771%27%20viewBox%3D%270%200%2071%2071%27%3E%3Crect%20width%3D%2771%27%20height%3D%2771%27%20fill-opacity%3D%220%22%2F%3E%3C%2Fsvg%3E\" data-orig-src=\"https:\/\/www.etnaest.com\/wp-content\/uploads\/2020\/06\/ico-watch.png\" \/>Demie-journ\u00e9e 08:30 &#8211; 14:30<\/div>\n<div class=\"icol-3\"><img class=\"lazyload\" decoding=\"async\" src=\"data:image\/svg+xml,%3Csvg%20xmlns%3D%27http%3A%2F%2Fwww.w3.org%2F2000%2Fsvg%27%20width%3D%2781%27%20height%3D%2771%27%20viewBox%3D%270%200%2081%2071%27%3E%3Crect%20width%3D%2781%27%20height%3D%2771%27%20fill-opacity%3D%220%22%2F%3E%3C%2Fsvg%3E\" data-orig-src=\"https:\/\/www.etnaest.com\/wp-content\/uploads\/2020\/06\/ico-path.png\" \/>Niveau du parcours: facile<\/div>\n<\/div>\n<\/div><\/div><\/div><\/div><\/div><div class=\"fusion-fullwidth fullwidth-box fusion-builder-row-2 fusion-flex-container nonhundred-percent-fullwidth non-hundred-percent-height-scrolling\" style=\"--awb-border-radius-top-left:0px;--awb-border-radius-top-right:0px;--awb-border-radius-bottom-right:0px;--awb-border-radius-bottom-left:0px;--awb-padding-bottom:50px;--awb-margin-bottom:50px;--awb-background-color:#1f2e37;--awb-flex-wrap:wrap;\" ><div class=\"fusion-builder-row fusion-row fusion-flex-align-items-flex-start fusion-flex-content-wrap\" style=\"max-width:1248px;margin-left: calc(-4% \/ 2 );margin-right: calc(-4% \/ 2 );\"><div class=\"fusion-layout-column fusion_builder_column fusion-builder-column-1 fusion_builder_column_2_3 2_3 fusion-flex-column fusion-flex-align-self-flex-start fusion-column-no-min-height\" style=\"--awb-bg-size:cover;--awb-width-large:66.666666666667%;--awb-margin-top-large:46px;--awb-spacing-right-large:2.88%;--awb-margin-bottom-large:0px;--awb-spacing-left-large:2.88%;--awb-width-medium:66.666666666667%;--awb-order-medium:0;--awb-spacing-right-medium:2.88%;--awb-spacing-left-medium:2.88%;--awb-width-small:100%;--awb-order-small:0;--awb-spacing-right-small:1.92%;--awb-spacing-left-small:1.92%;\"><div class=\"fusion-column-wrapper fusion-column-has-shadow fusion-flex-justify-content-flex-start fusion-content-layout-column\"><div class=\"fusion-text fusion-text-2\" style=\"--awb-text-transform:none;\"><p>Visite Etna au matin, <b>l&rsquo;excursion la plus populaire<\/b> de toutes celles propos\u00e9es par notre agence, adapt\u00e9e aux familles mais aussi parfaite pour les couples ou les groupes.<\/p>\n<p>Le Tour Etna au Matin vous emm\u00e8ne <b>\u00e0 la d\u00e9couverte du volcan<\/b>, en mettant l&rsquo;accent sur les aspects les plus importants de sa formation jusqu&rsquo;\u00e0 aujourd&rsquo;hui.<\/p>\n<p>Nos guides environnementaux, passionn\u00e9s par la r\u00e9gion, vous fascineront avec l&rsquo;histoire de l&rsquo;Etna d\u00e9j\u00e0 pendant le trajet de votre h\u00f4tel ou appartement vers <b>les plus beaux sentiers du volcan<\/b>.<\/p>\n<p>Si vous choisissez l&rsquo;excursion matinale sur l&rsquo;Etna, vous pourrez profiter d\u00e8s les premi\u00e8res lueurs du jour du paysage spectaculaire qu&rsquo;offre <i>\u00ab\u00a0&lsquo;a Muntagna\u00a0\u00bb<\/i>, comme l&rsquo;appellent ses habitants, en apercevant la fum\u00e9e de son sommet, qui se d\u00e9coupe sans cesse sur le ciel sicilien.<\/p>\n<p><img decoding=\"async\" class=\"lazyload aligncenter wp-image-2752 size-medium\" src=\"https:\/\/www.etnaest.com\/wp-content\/uploads\/2020\/06\/etnahr-300x36.png\" data-orig-src=\"https:\/\/www.etnaest.com\/wp-content\/uploads\/2020\/06\/etnahr-300x36.png\" alt=\"\" width=\"300\" height=\"36\" srcset=\"data:image\/svg+xml,%3Csvg%20xmlns%3D%27http%3A%2F%2Fwww.w3.org%2F2000%2Fsvg%27%20width%3D%27300%27%20height%3D%2736%27%20viewBox%3D%270%200%20300%2036%27%3E%3Crect%20width%3D%27300%27%20height%3D%2736%27%20fill-opacity%3D%220%22%2F%3E%3C%2Fsvg%3E\" data-srcset=\"https:\/\/www.etnaest.com\/wp-content\/uploads\/2020\/06\/etnahr-200x24.png 200w, https:\/\/www.etnaest.com\/wp-content\/uploads\/2020\/06\/etnahr-300x36.png 300w, https:\/\/www.etnaest.com\/wp-content\/uploads\/2020\/06\/etnahr-400x48.png 400w, https:\/\/www.etnaest.com\/wp-content\/uploads\/2020\/06\/etnahr-600x71.png 600w, https:\/\/www.etnaest.com\/wp-content\/uploads\/2020\/06\/etnahr-669x83.png 669w, https:\/\/www.etnaest.com\/wp-content\/uploads\/2020\/06\/etnahr.png 698w\" data-sizes=\"auto\" data-orig-sizes=\"(max-width: 300px) 100vw, 300px\" \/><\/p>\n<\/div><div class=\"fusion-text fusion-text-3\" style=\"--awb-text-transform:none;\"><div class=\"touresp\">\n<h3>Visite Etna au matin : ce qui vous attend<\/h3>\n<p>Nous vous pr\u00e9sentons maintenant toutes les \u00e9tapes de l&rsquo;excursion Etna au matin au d\u00e9part de Catane, qui vous feront vivre une exp\u00e9rience inoubliable :<\/p>\n<ul class=\"fa-ul\">\n<li><i class=\"fa-solid fa-circle-check\"><\/i>D\u00e9part de votre h\u00e9bergement pour le transfert gratuit Catane-Etna<\/li>\n<li><i class=\"fa-solid fa-circle-check\"><\/i>Arriv\u00e9e \u00e0 2000 m\u00e8tres d&rsquo;altitude<\/li>\n<li><i class=\"fa-solid fa-circle-check\"><\/i>Randonn\u00e9e parmi les coul\u00e9es de lave anciennes et r\u00e9centes et les crat\u00e8res inactifs<\/li>\n<li><i class=\"fa-solid fa-circle-check\"><\/i>Petite pause pour recharger les batteries<\/li>\n<li><i class=\"fa-solid fa-circle-check\"><\/i>Visite d&rsquo;une grotte de lave<\/li>\n<li><i class=\"fa-solid fa-circle-check\"><\/i>Visite de la belle vall\u00e9e de la Bove<\/li>\n<li><i class=\"fa-solid fa-circle-check\"><\/i>Retour \u00e0 Catane avec un bagage d&rsquo;\u00e9motions inoubliables<\/li>\n<\/ul>\n<\/div>\n<\/div><div class=\"fusion-title title fusion-title-2 fusion-sep-none fusion-title-text fusion-title-size-three\" style=\"--awb-text-color:#ffffff;--awb-margin-top:20px;\"><h3 class=\"fusion-title-heading title-heading-left\" style=\"margin:0;\">Description compl\u00e8te visite de l&rsquo;Etna au matin depuis Catane<\/h3><\/div><div class=\"fusion-text fusion-text-4\" style=\"--awb-text-transform:none;\"><p>Une fois que vous aurez r\u00e9serv\u00e9 votre visite Etna au matin, vous disposerez d&rsquo;un <b>transfert pratique et gratuit<\/b> : nous viendrons vous chercher directement \u00e0 l&rsquo;h\u00f4tel et nous vous emm\u00e8nerons sur les sentiers du volcan.<\/p>\n<p>En chemin, vous commencerez \u00e0 d\u00e9couvrir <b>l&rsquo;histoire g\u00e9ologique de l&rsquo;Etna<\/b> : nos guides vous expliqueront comment il s&rsquo;est form\u00e9, quelles ont \u00e9t\u00e9 les \u00e9ruptions les plus importantes qui l&rsquo;ont caract\u00e9ris\u00e9 et qui ont d\u00e9termin\u00e9 une grande partie de sa morphologie actuelle.<\/p>\n<\/div><div class=\"accordian fusion-accordian\" style=\"--awb-border-size:1px;--awb-icon-size:16px;--awb-content-font-size:16px;--awb-icon-alignment:left;--awb-hover-color:#f9f9fb;--awb-border-color:#e2e2e2;--awb-background-color:#ffffff;--awb-divider-color:#3e3e3e;--awb-divider-hover-color:#3e3e3e;--awb-icon-color:#ffffff;--awb-title-color:#ee4336;--awb-content-color:#f2f2f2;--awb-icon-box-color:#ffffff;--awb-toggle-hover-accent-color:#ffffff;--awb-title-font-family:&quot;Open Sans&quot;;--awb-title-font-weight:700;--awb-title-font-style:normal;--awb-content-font-family:&quot;Open Sans&quot;;--awb-content-font-style:normal;--awb-content-font-weight:400;\"><div class=\"panel-group fusion-toggle-icon-unboxed\" id=\"accordion-696-1\"><div class=\"fusion-panel panel-default panel-c28d312aff7baeb25 fusion-toggle-no-divider\" style=\"--awb-title-color:#ee4336;\"><div class=\"panel-heading\"><h4 class=\"panel-title toggle\" id=\"toggle_c28d312aff7baeb25\"><a aria-expanded=\"false\" aria-controls=\"c28d312aff7baeb25\" role=\"button\" data-toggle=\"collapse\" data-parent=\"#accordion-696-1\" data-target=\"#c28d312aff7baeb25\" href=\"#c28d312aff7baeb25\"><span class=\"fusion-toggle-icon-wrapper\" aria-hidden=\"true\"><i class=\"fa-fusion-box active-icon awb-icon-minus\" aria-hidden=\"true\"><\/i><i class=\"fa-fusion-box inactive-icon awb-icon-plus\" aria-hidden=\"true\"><\/i><\/span><span class=\"fusion-toggle-heading\">Lire la suite<\/span><\/a><\/h4><\/div><div id=\"c28d312aff7baeb25\" class=\"panel-collapse collapse \" aria-labelledby=\"toggle_c28d312aff7baeb25\"><div class=\"panel-body toggle-content fusion-clearfix\">\n<p>Vous d\u00e9couvrirez la faune et la flore qui le peuplent, les curiosit\u00e9s et les secrets du plus haut volcan actif d&rsquo;Europe. L&rsquo;Etna n&rsquo;est pas seulement un volcan, c&rsquo;est une entit\u00e9 mythique, <b>une cr\u00e9ature vivante<\/b> aim\u00e9e mais aussi crainte par les habitants de la r\u00e9gion, une crainte r\u00e9v\u00e9rencielle semblable \u00e0 celle que l&rsquo;on peut avoir pour une divinit\u00e9.<\/p>\n<p>\u00c0 2000 m\u00e8tres au-dessus du niveau de la mer, nous attendrons quelques minutes pour nous habituer \u00e0 l&rsquo;altitude, ensuite nous allons commencer <b>la premi\u00e8re \u00e9tape de l&rsquo;excursion<\/b>, qui consiste en une <b>randonn\u00e9e facile<\/b> et tr\u00e8s suggestive parmi les coul\u00e9es anciennes et r\u00e9centes et les crat\u00e8res inactifs.<\/p>\n<p>Vous marcherez sur les rochers des <b>anciennes coul\u00e9es de lave<\/b> qui marquent le territoire, vous admirerez les parcelles de bois sur les pentes de l&rsquo;Etna (pins, ch\u00e2taigniers, ch\u00eanes, h\u00eatres et bouleaux), vous sentirez<b> l&rsquo;\u00e9nergie vivante du volcan<\/b> couler sous vos pieds.<\/p>\n<p><b>La deuxi\u00e8me \u00e9tape<\/b> de la visite Etna au Matin comprendra une <b>visite \u00e0 l&rsquo;une des grottes de lave<\/b>, une exp\u00e9rience inoubliable que vous vivrez en toute s\u00e9curit\u00e9 et dans le respect des lieux.<\/p>\n<p><b>La derni\u00e8re \u00e9tape<\/b> sera la Vall\u00e9e du b\u0153uf (Valle del Bove) o\u00f9 une vue \u00e0 couper le souffle sur la mer de lave noire et l&rsquo;est de la Sicile vous remplira les yeux d&rsquo;un sentiment d&rsquo;immensit\u00e9, tout en d\u00e9gustant <b>un bon vin local <\/b>offert par notre agence Etna Est.<\/p>\n<p>La <b>conclusion parfaite<\/b> d&rsquo;une exp\u00e9rience dont les souvenirs resteront longtemps grav\u00e9s dans votre c\u0153ur.<\/p>\n<p>Alors, qu&rsquo;attendez-vous pour r\u00e9server ?<\/p>\n<\/div><\/div><\/div><\/div><\/div><div class=\"fusion-separator fusion-full-width-sep\" style=\"align-self: center;margin-left: auto;margin-right: auto;margin-top:40px;margin-bottom:40px;width:100%;\"><div class=\"fusion-separator-border sep-single sep-solid\" style=\"--awb-height:20px;--awb-amount:20px;--awb-sep-color:#2f4654;border-color:#2f4654;border-top-width:1px;\"><\/div><\/div><div class=\"awb-gallery-wrapper awb-gallery-wrapper-1 button-span-no\"><div style=\"margin:-5px;--awb-bordersize:0px;\" class=\"fusion-gallery fusion-gallery-container fusion-grid-3 fusion-columns-total-3 fusion-gallery-layout-grid fusion-gallery-1\"><div style=\"padding:5px;\" class=\"fusion-grid-column fusion-gallery-column fusion-gallery-column-3 hover-type-none\"><div class=\"fusion-gallery-image\"><a href=\"https:\/\/www.etnaest.com\/wp-content\/uploads\/2020\/06\/em-3.jpg\" rel=\"noreferrer\" data-rel=\"iLightbox[gallery_image_1]\" class=\"fusion-lightbox\" target=\"_self\"><img decoding=\"async\" src=\"https:\/\/www.etnaest.com\/wp-content\/uploads\/2020\/06\/em-3.jpg\" data-orig-src=\"https:\/\/www.etnaest.com\/wp-content\/uploads\/2020\/06\/em-3.jpg\" width=\"670\" height=\"443\" alt=\"\" title=\"em-3\" aria-label=\"em-3\" class=\"lazyload img-responsive wp-image-2771\" srcset=\"data:image\/svg+xml,%3Csvg%20xmlns%3D%27http%3A%2F%2Fwww.w3.org%2F2000%2Fsvg%27%20width%3D%27670%27%20height%3D%27443%27%20viewBox%3D%270%200%20670%20443%27%3E%3Crect%20width%3D%27670%27%20height%3D%27443%27%20fill-opacity%3D%220%22%2F%3E%3C%2Fsvg%3E\" data-srcset=\"https:\/\/www.etnaest.com\/wp-content\/uploads\/2020\/06\/em-3-200x132.jpg 200w, https:\/\/www.etnaest.com\/wp-content\/uploads\/2020\/06\/em-3-400x264.jpg 400w, https:\/\/www.etnaest.com\/wp-content\/uploads\/2020\/06\/em-3-600x397.jpg 600w, https:\/\/www.etnaest.com\/wp-content\/uploads\/2020\/06\/em-3.jpg 670w\" data-sizes=\"auto\" data-orig-sizes=\"(min-width: 2200px) 100vw, (min-width: 784px) 397px, (min-width: 712px) 595px, (min-width: 640px) 712px, \" \/><\/a><\/div><\/div><div style=\"padding:5px;\" class=\"fusion-grid-column fusion-gallery-column fusion-gallery-column-3 hover-type-none\"><div class=\"fusion-gallery-image\"><a href=\"https:\/\/www.etnaest.com\/wp-content\/uploads\/2014\/07\/em-2.jpg\" rel=\"noreferrer\" data-rel=\"iLightbox[gallery_image_1]\" class=\"fusion-lightbox\" target=\"_self\"><img decoding=\"async\" src=\"data:image\/svg+xml,%3Csvg%20xmlns%3D%27http%3A%2F%2Fwww.w3.org%2F2000%2Fsvg%27%20width%3D%27670%27%20height%3D%27443%27%20viewBox%3D%270%200%20670%20443%27%3E%3Crect%20width%3D%27670%27%20height%3D%27443%27%20fill-opacity%3D%220%22%2F%3E%3C%2Fsvg%3E\" data-orig-src=\"https:\/\/www.etnaest.com\/wp-content\/uploads\/2014\/07\/em-2.jpg\" width=\"670\" height=\"443\" alt=\"\" title=\"em-2\" aria-label=\"em-2\" class=\"lazyload img-responsive wp-image-238\"  \/><\/a><\/div><\/div><div style=\"padding:5px;\" class=\"fusion-grid-column fusion-gallery-column fusion-gallery-column-3 hover-type-none\"><div class=\"fusion-gallery-image\"><a href=\"https:\/\/www.etnaest.com\/wp-content\/uploads\/2014\/07\/em-1.jpg\" rel=\"noreferrer\" data-rel=\"iLightbox[gallery_image_1]\" class=\"fusion-lightbox\" target=\"_self\"><img decoding=\"async\" src=\"data:image\/svg+xml,%3Csvg%20xmlns%3D%27http%3A%2F%2Fwww.w3.org%2F2000%2Fsvg%27%20width%3D%27670%27%20height%3D%27443%27%20viewBox%3D%270%200%20670%20443%27%3E%3Crect%20width%3D%27670%27%20height%3D%27443%27%20fill-opacity%3D%220%22%2F%3E%3C%2Fsvg%3E\" data-orig-src=\"https:\/\/www.etnaest.com\/wp-content\/uploads\/2014\/07\/em-1.jpg\" width=\"670\" height=\"443\" alt=\"\" title=\"em-1\" aria-label=\"em-1\" class=\"lazyload img-responsive wp-image-237\"  \/><\/a><\/div><\/div><div class=\"clearfix\"><\/div><\/div><\/div><\/div><\/div><div class=\"fusion-layout-column fusion_builder_column fusion-builder-column-2 fusion_builder_column_1_3 1_3 fusion-flex-column fusion-flex-align-self-flex-start fusion-column-no-min-height\" style=\"--awb-bg-size:cover;--awb-width-large:33.333333333333%;--awb-margin-top-large:30px;--awb-spacing-right-large:5.76%;--awb-margin-bottom-large:0px;--awb-spacing-left-large:5.76%;--awb-width-medium:33.333333333333%;--awb-order-medium:0;--awb-spacing-right-medium:5.76%;--awb-spacing-left-medium:5.76%;--awb-width-small:100%;--awb-order-small:0;--awb-spacing-right-small:1.92%;--awb-spacing-left-small:1.92%;\"><div class=\"fusion-column-wrapper fusion-column-has-shadow fusion-flex-justify-content-flex-start fusion-content-layout-column\"><div class=\"fusion-title title fusion-title-3 fusion-title-center fusion-title-text fusion-title-size-four\" style=\"--awb-margin-bottom:20px;--awb-margin-top-small:30px;--awb-margin-bottom-small:20px;--awb-sep-color:#ffffff;\"><div class=\"title-sep-container title-sep-container-left\"><div class=\"title-sep sep-single sep-solid\" style=\"border-color:#ffffff;\"><\/div><\/div><span class=\"awb-title-spacer\"><\/span><h4 class=\"fusion-title-heading title-heading-center\" style=\"margin:0;\">Info et r\u00e9servations<\/h4><span class=\"awb-title-spacer\"><\/span><div class=\"title-sep-container title-sep-container-right\"><div class=\"title-sep sep-single sep-solid\" style=\"border-color:#ffffff;\"><\/div><\/div><\/div><div class=\"fusion-text fusion-text-5\" style=\"--awb-text-transform:none;\"><div class=\"prenotaora\">\n<div class=\"pren-weboffer\">\n<h4>PROMO EN LIGNE<\/h4>\n<p>Si vous r\u00e9servez au moin 5 jours avant<\/p>\n<h4>49\u20ac<\/h4>\n<p><span style=\"font-size: 15px; font-weight: bold;\">(39\u20ac enfants jusqu\u2019\u00e0 12 ans))<\/span><br \/>\n<button-widget styles-template-id=\"regiondo\" widget-id=\"d65d87a9-4982-4d55-83da-8de354cf4360\"><\/button-widget><script type=\"text\/javascript\" src=\"https:\/\/widgets.regiondo.net\/button\/v1\/button-widget.min.js\"><\/script><\/p>\n<\/div>\n<div class=\"pren-standard\">\n<h4>PRIX STANDARD<\/h4>\n<p>Si vous r\u00e9servez juste avant la date<\/p>\n<h4>59\u20ac<\/h4>\n<p><span style=\"font-size: 15px; font-weight: bold;\">(49\u20ac enfants jusqu\u2019\u00e0 12 ans)<\/span><br \/>\n<button-widget styles-template-id=\"regiondo\" widget-id=\"572bdeab-ae60-4e51-8e5c-a4aa92e337b0\"><\/button-widget><\/p>\n<\/div>\n<\/div>\n<\/div><div class=\"fusion-text fusion-text-6\" style=\"--awb-text-transform:none;--awb-margin-top:20px;\"><div class=\"tourinfo\">\n<h4>Horaires du tour<\/h4>\n<p>L&rsquo;excursion Etna au Matin commence \u00e0 <b>environ 8h30 <\/b>de votre h\u00e9bergement\/point de rencontre et <b>se termine \u00e0 14h30<\/b> au point de d\u00e9part. L&rsquo;heure exacte de prise en charge sera communiqu\u00e9e la veille au soir par notre bureau.<\/p>\n<p>En une demi-journ\u00e9e, vous vivrez <b>une exp\u00e9rience inoubliable<\/b> qui semblera durer bien plus longtemps que quelques heures, car l&rsquo;\u00e9cho de ses paysages uniques restera grav\u00e9 dans votre m\u00e9moire pendant longtemps.<\/p>\n<hr \/>\n<h4>En savoir plus<\/h4>\n<p>Pour profiter pleinement de l&rsquo;excursion sur l&rsquo;Etna au d\u00e9part de Catane, il est pr\u00e9f\u00e9rable d&rsquo;\u00eatre <b>\u00e9quip\u00e9 du mat\u00e9riel ad\u00e9quat<\/b>, \u00e0 commencer par <b>de l&rsquo;eau<\/b>, <b>des snacks<\/b> (indispensables) ainsi que des <b>pantalons longs<\/b> et des <b>v\u00eatements en couches.<\/b><\/p>\n<p>Vous pourrez toutefois louer des <b>chaussures de trekking sur demande<\/b> et une veste de pluie.<\/p>\n<p>La visite Etna au Matin est d&rsquo;un <b>niveau facile<\/b>, c&rsquo;est pourquoi elle est \u00e9galement recommand\u00e9e pour les enfants, qui b\u00e9n\u00e9ficient d&rsquo;une r\u00e9duction de 10 \u20ac sur le co\u00fbt total du service.<\/p>\n<p><strong>Le prix de l&rsquo;excursion comprend:<\/strong><\/p>\n<ul>\n<li aria-level=\"1\">L&rsquo;assurance<\/li>\n<li aria-level=\"1\">Guide autoris\u00e9<\/li>\n<li aria-level=\"1\">Casque et lampe de poche pour la visite de la grotte<\/li>\n<\/ul>\n<\/div>\n<\/div><\/div><\/div><\/div><\/div><\/p>\n","protected":false},"excerpt":{"rendered":"","protected":false},"author":4,"featured_media":0,"parent":0,"menu_order":0,"comment_status":"open","ping_status":"open","template":"100-width.php","meta":{"footnotes":""},"class_list":["post-696","page","type-page","status-publish","hentry"],"_links":{"self":[{"href":"https:\/\/www.etnaest.com\/fr\/wp-json\/wp\/v2\/pages\/696","targetHints":{"allow":["GET"]}}],"collection":[{"href":"https:\/\/www.etnaest.com\/fr\/wp-json\/wp\/v2\/pages"}],"about":[{"href":"https:\/\/www.etnaest.com\/fr\/wp-json\/wp\/v2\/types\/page"}],"author":[{"embeddable":true,"href":"https:\/\/www.etnaest.com\/fr\/wp-json\/wp\/v2\/users\/4"}],"replies":[{"embeddable":true,"href":"https:\/\/www.etnaest.com\/fr\/wp-json\/wp\/v2\/comments?post=696"}],"version-history":[{"count":14,"href":"https:\/\/www.etnaest.com\/fr\/wp-json\/wp\/v2\/pages\/696\/revisions"}],"predecessor-version":[{"id":5827,"href":"https:\/\/www.etnaest.com\/fr\/wp-json\/wp\/v2\/pages\/696\/revisions\/5827"}],"wp:attachment":[{"href":"https:\/\/www.etnaest.com\/fr\/wp-json\/wp\/v2\/media?parent=696"}],"curies":[{"name":"wp","href":"https:\/\/api.w.org\/{rel}","templated":true}]}}