{"id":703,"date":"2014-07-24T18:11:07","date_gmt":"2014-07-24T16:11:07","guid":{"rendered":"http:\/\/www.etnaest.com\/?page_id=703"},"modified":"2024-04-29T10:04:27","modified_gmt":"2024-04-29T08:04:27","slug":"etna-coucher-de-soleil","status":"publish","type":"page","link":"https:\/\/www.etnaest.com\/fr\/etna-coucher-de-soleil\/","title":{"rendered":"Excursion Etna coucher de soleil"},"content":{"rendered":"<p><div class=\"fusion-fullwidth fullwidth-box fusion-builder-row-1 fusion-flex-container fusion-parallax-none hundred-percent-fullwidth non-hundred-percent-height-scrolling lazyload\" style=\"--awb-border-radius-top-left:0px;--awb-border-radius-top-right:0px;--awb-border-radius-bottom-right:0px;--awb-border-radius-bottom-left:0px;--awb-padding-top:90px;--awb-padding-left:20px;--awb-margin-top:0px;--awb-margin-bottom:0px;--awb-min-height:400px;--awb-background-color:#1f2e37;--awb-background-size:cover;--awb-flex-wrap:wrap;\" data-bg=\"https:\/\/www.etnaest.com\/wp-content\/uploads\/2020\/06\/sunsettt.jpg\" ><div class=\"fusion-builder-row fusion-row fusion-flex-align-items-flex-start fusion-flex-align-content-center fusion-flex-content-wrap\" style=\"width:104% !important;max-width:104% !important;margin-left: calc(-4% \/ 2 );margin-right: calc(-4% \/ 2 );\"><div class=\"fusion-layout-column fusion_builder_column fusion-builder-column-0 fusion_builder_column_1_1 1_1 fusion-flex-column\" style=\"--awb-bg-position:center center;--awb-bg-size:cover;--awb-width-large:100%;--awb-margin-top-large:0px;--awb-spacing-right-large:1.92%;--awb-margin-bottom-large:0px;--awb-spacing-left-large:1.92%;--awb-width-medium:100%;--awb-spacing-right-medium:1.92%;--awb-spacing-left-medium:1.92%;--awb-width-small:100%;--awb-spacing-right-small:1.92%;--awb-spacing-left-small:1.92%;\"><div class=\"fusion-column-wrapper fusion-column-has-shadow fusion-flex-justify-content-flex-start fusion-content-layout-column\"><div class=\"fusion-title title fusion-title-1 fusion-sep-none fusion-title-center fusion-title-highlight fusion-loop-off fusion-highlight-strikethrough fusion-title-size-one titolone\" style=\"--awb-text-color:#ffffff;--awb-margin-top:80px;--awb-margin-top-small:50px;--awb-margin-bottom-small:100px;--awb-font-size:50px;\" data-highlight=\"strikethrough\"><h1 class=\"fusion-title-heading title-heading-center\" style=\"margin:0;font-size:1em;\"><span class=\"fusion-highlighted-text-prefix\"><\/span>  <span class=\"fusion-highlighted-text-postfix\">ETNA COUCHER DE SOLEIL<\/span><\/h1><\/div><div class=\"fusion-text fusion-text-1\" style=\"--awb-text-transform:none;\"><div class=\"icoletta\">\n<div class=\"icol-1\"><img class=\"lazyload\" decoding=\"async\" src=\"data:image\/svg+xml,%3Csvg%20xmlns%3D%27http%3A%2F%2Fwww.w3.org%2F2000%2Fsvg%27%20width%3D%27210%27%20height%3D%27142%27%20viewBox%3D%270%200%20210%20142%27%3E%3Crect%20width%3D%27210%27%20height%3D%27142%27%20fill-opacity%3D%220%22%2F%3E%3C%2Fsvg%3E\" data-orig-src=\"https:\/\/www.etnaest.com\/wp-content\/uploads\/2020\/06\/ico-car.png\" \/>Transfer gratuit A\/R Catania-Etna<\/div>\n<div class=\"icol-2\"><img class=\"lazyload\" decoding=\"async\" src=\"data:image\/svg+xml,%3Csvg%20xmlns%3D%27http%3A%2F%2Fwww.w3.org%2F2000%2Fsvg%27%20width%3D%2771%27%20height%3D%2771%27%20viewBox%3D%270%200%2071%2071%27%3E%3Crect%20width%3D%2771%27%20height%3D%2771%27%20fill-opacity%3D%220%22%2F%3E%3C%2Fsvg%3E\" data-orig-src=\"https:\/\/www.etnaest.com\/wp-content\/uploads\/2020\/06\/ico-watch.png\" \/>Demie-journ\u00e9e 15:00 &#8211; 21:00<\/div>\n<div class=\"icol-3\"><img class=\"lazyload\" decoding=\"async\" src=\"data:image\/svg+xml,%3Csvg%20xmlns%3D%27http%3A%2F%2Fwww.w3.org%2F2000%2Fsvg%27%20width%3D%2781%27%20height%3D%2771%27%20viewBox%3D%270%200%2081%2071%27%3E%3Crect%20width%3D%2781%27%20height%3D%2771%27%20fill-opacity%3D%220%22%2F%3E%3C%2Fsvg%3E\" data-orig-src=\"https:\/\/www.etnaest.com\/wp-content\/uploads\/2020\/06\/ico-path.png\" \/>Niveau du parcours: facile<\/div>\n<\/div>\n<\/div><\/div><\/div><\/div><\/div><div class=\"fusion-fullwidth fullwidth-box fusion-builder-row-2 fusion-flex-container nonhundred-percent-fullwidth non-hundred-percent-height-scrolling\" style=\"--awb-border-radius-top-left:0px;--awb-border-radius-top-right:0px;--awb-border-radius-bottom-right:0px;--awb-border-radius-bottom-left:0px;--awb-padding-bottom:50px;--awb-margin-bottom:50px;--awb-background-color:#1f2e37;--awb-flex-wrap:wrap;\" ><div class=\"fusion-builder-row fusion-row fusion-flex-align-items-flex-start fusion-flex-content-wrap\" style=\"max-width:1248px;margin-left: calc(-4% \/ 2 );margin-right: calc(-4% \/ 2 );\"><div class=\"fusion-layout-column fusion_builder_column fusion-builder-column-1 fusion_builder_column_2_3 2_3 fusion-flex-column fusion-flex-align-self-flex-start fusion-column-no-min-height\" style=\"--awb-bg-size:cover;--awb-width-large:66.666666666667%;--awb-margin-top-large:46px;--awb-spacing-right-large:2.88%;--awb-margin-bottom-large:0px;--awb-spacing-left-large:2.88%;--awb-width-medium:66.666666666667%;--awb-order-medium:0;--awb-spacing-right-medium:2.88%;--awb-spacing-left-medium:2.88%;--awb-width-small:100%;--awb-order-small:0;--awb-spacing-right-small:1.92%;--awb-spacing-left-small:1.92%;\"><div class=\"fusion-column-wrapper fusion-column-has-shadow fusion-flex-justify-content-flex-start fusion-content-layout-column\"><div class=\"fusion-text fusion-text-2\" style=\"--awb-text-transform:none;\"><p>L&rsquo;Etna au coucher du soleil, <b>le moment le plus suggestif<\/b> pour appr\u00e9cier les merveilles que peut offrir le plus haut volcan actif d&rsquo;Europe.\u00a0<\/p>\n<p>L&rsquo;Etna au coucher du soleil est une <b>excursion de demi-journ\u00e9e<\/b> qui vous fera d\u00e9couvrir l&rsquo;histoire passionnante du volcan de notre \u00eele, l&rsquo;une des excursions les plus populaires, pr\u00e9cis\u00e9ment en raison de la magie qu&rsquo;elle peut offrir.\u00a0<\/p>\n<p><b>Nos guides professionnels<\/b> vous raconteront les caract\u00e9ristiques, les curiosit\u00e9s et les secrets d&rsquo;un lieu dont le charme s\u00e9duit chaque ann\u00e9e des millions de personnes venues du monde entier.\u00a0<\/p>\n<p>L&rsquo;Etna est <b>une grande m\u00e8re<\/b> pour tous les Siciliens et, comme toutes les m\u00e8res, il est aim\u00e9 mais aussi respect\u00e9 et craint pour ses moments de col\u00e8re.\u00a0<\/p>\n<p>Avoir la chance de visiter un volcan en activit\u00e9 est l&rsquo;une des exp\u00e9riences les plus inoubliables d&rsquo;une vie, et si vous r\u00e9servez une excursion au coucher du soleil sur l&rsquo;Etna, vous vivrez <b>une aventure \u00e0 couper le souffle<\/b>.\u00a0<\/p>\n<p>Qu&rsquo;attendez-vous pour explorer le volcan avec nous ?<\/p>\n<p><img decoding=\"async\" class=\"lazyload aligncenter wp-image-2752 size-medium\" src=\"https:\/\/www.etnaest.com\/wp-content\/uploads\/2020\/06\/etnahr-300x36.png\" data-orig-src=\"https:\/\/www.etnaest.com\/wp-content\/uploads\/2020\/06\/etnahr-300x36.png\" alt=\"\" width=\"300\" height=\"36\" srcset=\"data:image\/svg+xml,%3Csvg%20xmlns%3D%27http%3A%2F%2Fwww.w3.org%2F2000%2Fsvg%27%20width%3D%27300%27%20height%3D%2736%27%20viewBox%3D%270%200%20300%2036%27%3E%3Crect%20width%3D%27300%27%20height%3D%2736%27%20fill-opacity%3D%220%22%2F%3E%3C%2Fsvg%3E\" data-srcset=\"https:\/\/www.etnaest.com\/wp-content\/uploads\/2020\/06\/etnahr-200x24.png 200w, https:\/\/www.etnaest.com\/wp-content\/uploads\/2020\/06\/etnahr-300x36.png 300w, https:\/\/www.etnaest.com\/wp-content\/uploads\/2020\/06\/etnahr-400x48.png 400w, https:\/\/www.etnaest.com\/wp-content\/uploads\/2020\/06\/etnahr-600x71.png 600w, https:\/\/www.etnaest.com\/wp-content\/uploads\/2020\/06\/etnahr-669x83.png 669w, https:\/\/www.etnaest.com\/wp-content\/uploads\/2020\/06\/etnahr.png 698w\" data-sizes=\"auto\" data-orig-sizes=\"(max-width: 300px) 100vw, 300px\" \/><\/p>\n<\/div><div class=\"fusion-text fusion-text-3\" style=\"--awb-text-transform:none;\"><div class=\"touresp\">\n<h3>Excursion Etna coucher de soleil: ce qui vous attend<\/h3>\n<p>L&rsquo;excursion Etna au coucher du soleil est <b>une visite d&rsquo;apr\u00e8s-midi<\/b> qui vous fera appr\u00e9cier les paysages volcaniques encore embellis par l&rsquo;explosion de couleurs aux derni\u00e8res heures de la journ\u00e9e.<\/p>\n<p>Voici <b>toutes les \u00e9tapes<\/b> de l&rsquo;excursion Etna au coucher du soleil :<\/p>\n<ul class=\"fa-ul\">\n<li><i class=\"fa-solid fa-circle-check\"><\/i>D\u00e9part de votre h\u00e9bergement \u00e0 Catane avec transfert gratuit<\/li>\n<li><i class=\"fa-solid fa-circle-check\"><\/i>Visite de l&rsquo;enchanteresse Vall\u00e9e du Bove<\/li>\n<li><i class=\"fa-solid fa-circle-check\"><\/i>Visite d&rsquo;une grotte \u00e9vocatrice de coul\u00e9es de lave<\/li>\n<li><i class=\"fa-solid fa-circle-check\"><\/i>Courte halte<\/li>\n<li><i class=\"fa-solid fa-circle-check\"><\/i>Randonn\u00e9e \u00e0 2000 m\u00e8tres au-dessus du niveau de la mer parmi les crat\u00e8res inactifs<\/li>\n<li><i class=\"fa-solid fa-circle-check\"><\/i>Fin de l&rsquo;excursion au coucher du soleil et retour \u00e0 Catane.<\/li>\n<\/ul>\n<\/div>\n<\/div><div class=\"fusion-text fusion-text-4\" style=\"--awb-text-transform:none;\"><h3>Description compl\u00e8te Excursion Etna coucher de soleil<\/h3>\n<p>Lorsque vous participez \u00e0 l&rsquo;excursion au coucher du soleil sur l&rsquo;Etna, vous pouvez profiter du <b>transfert gratuit<\/b> directement \u00e0 votre h\u00e9bergement qui vous emm\u00e8nera \u00e0 la d\u00e9couverte des paysages volcaniques de l&rsquo;Etna.<\/p>\n<p>En chemin, nos guides environnementaux vous raconteront <b>l&rsquo;histoire du volcan<\/b>, comment il s&rsquo;est form\u00e9 et pourquoi il a l&rsquo;aspect qu&rsquo;il a aujourd&rsquo;hui.<\/p>\n<\/div><div class=\"accordian fusion-accordian\" style=\"--awb-border-size:1px;--awb-icon-size:16px;--awb-content-font-size:16px;--awb-icon-alignment:left;--awb-hover-color:#f9f9fb;--awb-border-color:#e2e2e2;--awb-background-color:#ffffff;--awb-divider-color:#3e3e3e;--awb-divider-hover-color:#3e3e3e;--awb-icon-color:#ffffff;--awb-title-color:#ee4336;--awb-content-color:#f2f2f2;--awb-icon-box-color:#ffffff;--awb-toggle-hover-accent-color:#ffffff;--awb-title-font-family:&quot;Open Sans&quot;;--awb-title-font-weight:700;--awb-title-font-style:normal;--awb-content-font-family:&quot;Open Sans&quot;;--awb-content-font-style:normal;--awb-content-font-weight:400;\"><div class=\"panel-group fusion-toggle-icon-unboxed\" id=\"accordion-703-1\"><div class=\"fusion-panel panel-default panel-cee368cec60162104 fusion-toggle-no-divider\" style=\"--awb-title-color:#ee4336;\"><div class=\"panel-heading\"><h4 class=\"panel-title toggle\" id=\"toggle_cee368cec60162104\"><a aria-expanded=\"false\" aria-controls=\"cee368cec60162104\" role=\"button\" data-toggle=\"collapse\" data-parent=\"#accordion-703-1\" data-target=\"#cee368cec60162104\" href=\"#cee368cec60162104\"><span class=\"fusion-toggle-icon-wrapper\" aria-hidden=\"true\"><i class=\"fa-fusion-box active-icon awb-icon-minus\" aria-hidden=\"true\"><\/i><i class=\"fa-fusion-box inactive-icon awb-icon-plus\" aria-hidden=\"true\"><\/i><\/span><span class=\"fusion-toggle-heading\">Lire la suite<\/span><\/a><\/h4><\/div><div id=\"cee368cec60162104\" class=\"panel-collapse collapse \" aria-labelledby=\"toggle_cee368cec60162104\"><div class=\"panel-body toggle-content fusion-clearfix\">\n<p>Vous d\u00e9couvrirez la faune et la flore qui le peuplent et <b>les \u00e9ruptions les plus importantes<\/b>, les plus spectaculaires et les plus destructrices.\u00a0<\/p>\n<p>La premi\u00e8re \u00e9tape de l&rsquo;excursion Etna au coucher de soleil sera la magnifique <b>Vall\u00e9e du Boeuf<\/b>, la vall\u00e9e situ\u00e9e sur le versant est du volcan qui a accueilli de nombreuses coul\u00e9es de lave depuis des mill\u00e9naires.\u00a0<\/p>\n<p>Apr\u00e8s une bref stop, la deuxi\u00e8me \u00e9tape pr\u00e9voit <b>la visite d&rsquo;une grotte de lave<\/b>, un moment tr\u00e8s suggestif o\u00f9 l&rsquo;on p\u00e9n\u00e8tre dans le ventre de la terre, toujours en toute s\u00e9curit\u00e9 gr\u00e2ce \u00e0 l&rsquo;<b>\u00e9quipement gratuit<\/b> d&rsquo;Etna Est (casques et torches).<\/p>\n<p>Enfin, la derni\u00e8re \u00e9tape se d\u00e9roule <b>\u00e0 2000 m\u00e8tres d&rsquo;altitude<\/b> o\u00f9, une fois habitu\u00e9s aux nouvelles conditions d&rsquo;altitude, une <b>randonn\u00e9e de niveau facile<\/b> nous attend parmi les crat\u00e8res inactifs qui offrent un spectacle unique, surtout au coucher du soleil dans un flamboiement de couleurs !<\/p>\n<p>Apr\u00e8s la randonn\u00e9e, nous nous rendrons dans un <b>endroit tr\u00e8s pittoresque<\/b> et, tout <b>en d\u00e9gustant un vin local typique<\/b>, nous profiterons de l<b>a vue sur le coucher de soleil et les crat\u00e8res du sommet<\/b>, la mani\u00e8re parfaite de terminer une exp\u00e9rience unique !<\/p>\n<\/div><\/div><\/div><\/div><\/div><div class=\"fusion-separator fusion-full-width-sep\" style=\"align-self: center;margin-left: auto;margin-right: auto;margin-top:40px;margin-bottom:40px;width:100%;\"><div class=\"fusion-separator-border sep-single sep-solid\" style=\"--awb-height:20px;--awb-amount:20px;--awb-sep-color:#2f4654;border-color:#2f4654;border-top-width:1px;\"><\/div><\/div><div class=\"awb-gallery-wrapper awb-gallery-wrapper-1 button-span-no\"><div style=\"margin:-5px;--awb-bordersize:0px;\" class=\"fusion-gallery fusion-gallery-container fusion-grid-3 fusion-columns-total-3 fusion-gallery-layout-grid fusion-gallery-1\"><div style=\"padding:5px;\" class=\"fusion-grid-column fusion-gallery-column fusion-gallery-column-3 hover-type-none\"><div class=\"fusion-gallery-image\"><a href=\"https:\/\/www.etnaest.com\/wp-content\/uploads\/2014\/07\/bkg-silvestri.jpg\" rel=\"noreferrer\" data-rel=\"iLightbox[gallery_image_1]\" class=\"fusion-lightbox\" target=\"_self\"><img decoding=\"async\" src=\"data:image\/svg+xml,%3Csvg%20xmlns%3D%27http%3A%2F%2Fwww.w3.org%2F2000%2Fsvg%27%20width%3D%27670%27%20height%3D%27443%27%20viewBox%3D%270%200%20670%20443%27%3E%3Crect%20width%3D%27670%27%20height%3D%27443%27%20fill-opacity%3D%220%22%2F%3E%3C%2Fsvg%3E\" data-orig-src=\"https:\/\/www.etnaest.com\/wp-content\/uploads\/2014\/07\/bkg-silvestri.jpg\" width=\"670\" height=\"443\" alt=\"\" title=\"bkg-silvestri\" aria-label=\"bkg-silvestri\" class=\"lazyload img-responsive wp-image-258\"  \/><\/a><\/div><\/div><div style=\"padding:5px;\" class=\"fusion-grid-column fusion-gallery-column fusion-gallery-column-3 hover-type-none\"><div class=\"fusion-gallery-image\"><a href=\"https:\/\/www.etnaest.com\/wp-content\/uploads\/2014\/07\/em-2.jpg\" rel=\"noreferrer\" data-rel=\"iLightbox[gallery_image_1]\" class=\"fusion-lightbox\" target=\"_self\"><img decoding=\"async\" src=\"data:image\/svg+xml,%3Csvg%20xmlns%3D%27http%3A%2F%2Fwww.w3.org%2F2000%2Fsvg%27%20width%3D%27670%27%20height%3D%27443%27%20viewBox%3D%270%200%20670%20443%27%3E%3Crect%20width%3D%27670%27%20height%3D%27443%27%20fill-opacity%3D%220%22%2F%3E%3C%2Fsvg%3E\" data-orig-src=\"https:\/\/www.etnaest.com\/wp-content\/uploads\/2014\/07\/em-2.jpg\" width=\"670\" height=\"443\" alt=\"\" title=\"em-2\" aria-label=\"em-2\" class=\"lazyload img-responsive wp-image-238\"  \/><\/a><\/div><\/div><div style=\"padding:5px;\" class=\"fusion-grid-column fusion-gallery-column fusion-gallery-column-3 hover-type-none\"><div class=\"fusion-gallery-image\"><a href=\"https:\/\/www.etnaest.com\/wp-content\/uploads\/2014\/07\/ragazzi.jpg\" rel=\"noreferrer\" data-rel=\"iLightbox[gallery_image_1]\" class=\"fusion-lightbox\" target=\"_self\"><img decoding=\"async\" src=\"data:image\/svg+xml,%3Csvg%20xmlns%3D%27http%3A%2F%2Fwww.w3.org%2F2000%2Fsvg%27%20width%3D%27670%27%20height%3D%27443%27%20viewBox%3D%270%200%20670%20443%27%3E%3Crect%20width%3D%27670%27%20height%3D%27443%27%20fill-opacity%3D%220%22%2F%3E%3C%2Fsvg%3E\" data-orig-src=\"https:\/\/www.etnaest.com\/wp-content\/uploads\/2014\/07\/ragazzi.jpg\" width=\"670\" height=\"443\" alt=\"\" title=\"ragazzi\" aria-label=\"ragazzi\" class=\"lazyload img-responsive wp-image-260\"  \/><\/a><\/div><\/div><div class=\"clearfix\"><\/div><\/div><\/div><\/div><\/div><div class=\"fusion-layout-column fusion_builder_column fusion-builder-column-2 fusion_builder_column_1_3 1_3 fusion-flex-column fusion-flex-align-self-flex-start fusion-column-no-min-height\" style=\"--awb-bg-size:cover;--awb-width-large:33.333333333333%;--awb-margin-top-large:30px;--awb-spacing-right-large:5.76%;--awb-margin-bottom-large:0px;--awb-spacing-left-large:5.76%;--awb-width-medium:33.333333333333%;--awb-order-medium:0;--awb-spacing-right-medium:5.76%;--awb-spacing-left-medium:5.76%;--awb-width-small:100%;--awb-order-small:0;--awb-spacing-right-small:1.92%;--awb-spacing-left-small:1.92%;\"><div class=\"fusion-column-wrapper fusion-column-has-shadow fusion-flex-justify-content-flex-start fusion-content-layout-column\"><div class=\"fusion-title title fusion-title-2 fusion-title-center fusion-title-text fusion-title-size-four\" style=\"--awb-margin-bottom:20px;--awb-margin-top-small:30px;--awb-margin-bottom-small:20px;--awb-sep-color:#ffffff;\"><div class=\"title-sep-container title-sep-container-left\"><div class=\"title-sep sep-single sep-solid\" style=\"border-color:#ffffff;\"><\/div><\/div><span class=\"awb-title-spacer\"><\/span><h4 class=\"fusion-title-heading title-heading-center\" style=\"margin:0;\">Info et r\u00e9servations<\/h4><span class=\"awb-title-spacer\"><\/span><div class=\"title-sep-container title-sep-container-right\"><div class=\"title-sep sep-single sep-solid\" style=\"border-color:#ffffff;\"><\/div><\/div><\/div><div class=\"fusion-text fusion-text-5\" style=\"--awb-text-transform:none;\"><div class=\"prenotaora\">\n<div class=\"pren-weboffer\">\n<h4>PROMO EN LIGNE<\/h4>\n<p>Si vous r\u00e9servez au moin 5 jours avant<\/p>\n<h4>49\u20ac<\/h4>\n<p><span style=\"font-size: 15px; font-weight: bold;\">(39\u20ac enfants jusqu\u2019\u00e0 12 ans))<\/span><br \/>\n<button-widget styles-template-id=\"regiondo\" widget-id=\"3c83acbc-5b01-43f6-b560-01318a859956\"><\/button-widget><script type=\"text\/javascript\" src=\"https:\/\/widgets.regiondo.net\/button\/v1\/button-widget.min.js\"><\/script><\/p>\n<\/div>\n<div class=\"pren-standard\">\n<h4>PRIX STANDARD<\/h4>\n<p>Si vous r\u00e9servez juste avant la date<\/p>\n<h4>59\u20ac<\/h4>\n<p><span style=\"font-size: 15px; font-weight: bold;\">(49\u20ac enfants jusqu\u2019\u00e0 12 ans)<\/span><br \/>\n<button-widget styles-template-id=\"regiondo\" widget-id=\"4b42cde2-b114-43f6-b008-e6043421a5d3\"><\/button-widget><\/p>\n<\/div>\n<\/div>\n<\/div><div class=\"fusion-text fusion-text-6\" style=\"--awb-text-transform:none;--awb-margin-top:20px;\"><div class=\"tourinfo\">\n<h4>Horaires du tour<\/h4>\n<p>Votre aventure au coucher du soleil sur l&rsquo;Etna commence <b>vers 15h00<\/b> de votre h\u00e9bergement\/point de rencontre et <b>se termine<\/b> <b>\u00e0 21h00<\/b> au point de d\u00e9part. L&rsquo;heure exacte de prise en charge vous sera communiqu\u00e9e par notre bureau au cours de la matin\u00e9e.<br \/>\nCe sera la demi-journ\u00e9e la plus inoubliable de tout votre voyage, au milieu de paysages lunaires, de couleurs in\u00e9dites et d&rsquo;atmosph\u00e8res uniques au monde, dont le souvenir restera \u00e0 jamais grav\u00e9 dans vos yeux et dans vos c\u0153urs !<\/p>\n<hr \/>\n<h4>En savoir plus<\/h4>\n<p>Comme pour toute randonn\u00e9e dans la nature, <b>un \u00e9quipement ad\u00e9quat est essentiel<\/b>. Il est donc conseill\u00e9 d&rsquo;\u00eatre \u00e9quip\u00e9 de pantalons longs et de v\u00eatements superpos\u00e9s, ainsi que <b>d&rsquo;eau et des snacks<\/b> (indispensables pendant la randonn\u00e9e).<\/p>\n<p><b>Il est possible de louer des chaussures de trekking et nos kways<\/b> imperm\u00e9ables sur demande.<\/p>\n<p>L&rsquo;excursion au coucher du soleil sur l&rsquo;Etna est une <b>randonn\u00e9e facile<\/b> et convient donc \u00e9galement aux enfants, qui b\u00e9n\u00e9ficieront d&rsquo;une r\u00e9duction de 10 euros sur les frais de participation.<\/p>\n<p>Les frais de participation \u00e0 l&rsquo;excursion comprennent:<\/p>\n<ul>\n<li aria-level=\"1\">l&rsquo;assurance<\/li>\n<li aria-level=\"1\">Un guide agr\u00e9\u00e9<\/li>\n<li aria-level=\"1\">Casque et lampe de poche pour la visite des grottes.<\/li>\n<\/ul>\n<\/div>\n<\/div><\/div><\/div><\/div><\/div><\/p>\n","protected":false},"excerpt":{"rendered":"","protected":false},"author":4,"featured_media":0,"parent":0,"menu_order":2,"comment_status":"closed","ping_status":"closed","template":"100-width.php","meta":{"footnotes":""},"class_list":["post-703","page","type-page","status-publish","hentry"],"_links":{"self":[{"href":"https:\/\/www.etnaest.com\/fr\/wp-json\/wp\/v2\/pages\/703","targetHints":{"allow":["GET"]}}],"collection":[{"href":"https:\/\/www.etnaest.com\/fr\/wp-json\/wp\/v2\/pages"}],"about":[{"href":"https:\/\/www.etnaest.com\/fr\/wp-json\/wp\/v2\/types\/page"}],"author":[{"embeddable":true,"href":"https:\/\/www.etnaest.com\/fr\/wp-json\/wp\/v2\/users\/4"}],"replies":[{"embeddable":true,"href":"https:\/\/www.etnaest.com\/fr\/wp-json\/wp\/v2\/comments?post=703"}],"version-history":[{"count":5,"href":"https:\/\/www.etnaest.com\/fr\/wp-json\/wp\/v2\/pages\/703\/revisions"}],"predecessor-version":[{"id":5830,"href":"https:\/\/www.etnaest.com\/fr\/wp-json\/wp\/v2\/pages\/703\/revisions\/5830"}],"wp:attachment":[{"href":"https:\/\/www.etnaest.com\/fr\/wp-json\/wp\/v2\/media?parent=703"}],"curies":[{"name":"wp","href":"https:\/\/api.w.org\/{rel}","templated":true}]}}