{"id":714,"date":"2015-03-30T17:46:23","date_gmt":"2015-03-30T15:46:23","guid":{"rendered":"http:\/\/www.etnaest.com\/?page_id=714"},"modified":"2023-08-04T13:22:50","modified_gmt":"2023-08-04T11:22:50","slug":"syracuse-ortigia","status":"publish","type":"page","link":"https:\/\/www.etnaest.com\/fr\/syracuse-ortigia\/","title":{"rendered":"Syracuse Ortigia"},"content":{"rendered":"<p><div id=\"fusion-scroll-section-1\" class=\"fusion-scroll-section fusion-scroll-section\" data-section=\"1\" data-animation=\"fade\" data-speed=\"800\" ><div class=\"fusion-scroll-section-element active\" data-section=\"1\" data-element=\"1\" style=\"transition-duration:450ms;&quot;\" ><div class=\"fusion-fullwidth fullwidth-box fusion-builder-row-1 fusion-flex-container fusion-parallax-none hundred-percent-fullwidth hundred-percent-height hundred-percent-height-center-content hundred-percent-height-scrolling lazyload\" style=\"--awb-border-radius-top-left:0px;--awb-border-radius-top-right:0px;--awb-border-radius-bottom-right:0px;--awb-border-radius-bottom-left:0px;--awb-padding-top:90px;--awb-padding-left:20px;--awb-margin-top:0px;--awb-margin-bottom:0px;--awb-background-color:#1f2e37;--awb-background-size:cover;--awb-flex-wrap:wrap;\" data-bg=\"https:\/\/www.etnaest.com\/wp-content\/uploads\/2014\/08\/iti-siracusa.jpg\" ><div class=\"fusion-builder-row fusion-row fusion-flex-align-items-flex-start fusion-flex-align-content-center fusion-flex-content-wrap\" style=\"width:104% !important;max-width:104% !important;margin-left: calc(-4% \/ 2 );margin-right: calc(-4% \/ 2 );\"><div class=\"fusion-layout-column fusion_builder_column fusion-builder-column-0 fusion_builder_column_1_1 1_1 fusion-flex-column\" style=\"--awb-bg-position:center center;--awb-bg-size:cover;--awb-width-large:100%;--awb-margin-top-large:0px;--awb-spacing-right-large:1.92%;--awb-margin-bottom-large:0px;--awb-spacing-left-large:1.92%;--awb-width-medium:100%;--awb-spacing-right-medium:1.92%;--awb-spacing-left-medium:1.92%;--awb-width-small:100%;--awb-spacing-right-small:1.92%;--awb-spacing-left-small:1.92%;\"><div class=\"fusion-column-wrapper fusion-column-has-shadow fusion-flex-justify-content-flex-start fusion-content-layout-column\"><div class=\"fusion-title title fusion-title-1 fusion-sep-none fusion-title-center fusion-title-highlight fusion-loop-off fusion-highlight-strikethrough fusion-title-size-one titolone\" style=\"--awb-text-color:#ffffff;--awb-margin-top:50px;--awb-margin-bottom:100px;--awb-margin-top-small:50px;--awb-margin-bottom-small:100px;--awb-font-size:50px;\" data-highlight=\"strikethrough\"><h1 class=\"fusion-title-heading title-heading-center\" style=\"margin:0;font-size:1em;\"><span class=\"fusion-highlighted-text-prefix\"><\/span>  <span class=\"fusion-highlighted-text-postfix\">SYRACUSE ORTIGIA<\/span><\/h1><\/div><div class=\"fusion-text fusion-text-1\"><div class=\"icoletta\">\n<div class=\"icol-1\"><img class=\"lazyload\" decoding=\"async\" src=\"data:image\/svg+xml,%3Csvg%20xmlns%3D%27http%3A%2F%2Fwww.w3.org%2F2000%2Fsvg%27%20width%3D%27210%27%20height%3D%27142%27%20viewBox%3D%270%200%20210%20142%27%3E%3Crect%20width%3D%27210%27%20height%3D%27142%27%20fill-opacity%3D%220%22%2F%3E%3C%2Fsvg%3E\" data-orig-src=\"https:\/\/www.etnaest.com\/wp-content\/uploads\/2020\/06\/ico-car.png\" \/>Transfert gratuit<\/div>\n<div class=\"icol-2\"><img class=\"lazyload\" decoding=\"async\" src=\"data:image\/svg+xml,%3Csvg%20xmlns%3D%27http%3A%2F%2Fwww.w3.org%2F2000%2Fsvg%27%20width%3D%2771%27%20height%3D%2771%27%20viewBox%3D%270%200%2071%2071%27%3E%3Crect%20width%3D%2771%27%20height%3D%2771%27%20fill-opacity%3D%220%22%2F%3E%3C%2Fsvg%3E\" data-orig-src=\"https:\/\/www.etnaest.com\/wp-content\/uploads\/2020\/06\/ico-watch.png\" \/>Demie-journ\u00e9e 08:00 &#8211; 14:30<\/div>\n<div class=\"icol-3\"><img class=\"lazyload\" decoding=\"async\" src=\"data:image\/svg+xml,%3Csvg%20xmlns%3D%27http%3A%2F%2Fwww.w3.org%2F2000%2Fsvg%27%20width%3D%2781%27%20height%3D%2771%27%20viewBox%3D%270%200%2081%2071%27%3E%3Crect%20width%3D%2781%27%20height%3D%2771%27%20fill-opacity%3D%220%22%2F%3E%3C%2Fsvg%3E\" data-orig-src=\"https:\/\/www.etnaest.com\/wp-content\/uploads\/2020\/06\/ico-path.png\" \/>Niveau du parcours: facile<\/div>\n<\/div>\n<\/div><div class=\"fusion-text fusion-text-2\"><p><a class=\"butt-preno\" href=\"#preno\">R\u00c9SERVEZ EN LIGNE<br \/>\n<i class=\"fusion-li-icon fa-sort-down fas\"><\/i><\/a><\/p>\n<\/div><\/div><\/div><\/div><\/div><\/div><nav id=\"fusion-scroll-section-nav-1\" class=\"fusion-scroll-section-nav scroll-navigation-right\" data-section=\"1\" ><ul><li><a href=\"#fusion-scroll-section-element-1-1\" class=\"fusion-scroll-section-link\" data-name=\"\" data-element=\"1\"><span class=\"fusion-scroll-section-link-bullet\"><\/span><\/a><\/li><\/ul><\/nav><\/div><div class=\"fusion-fullwidth fullwidth-box fusion-builder-row-2 fusion-flex-container hundred-percent-fullwidth non-hundred-percent-height-scrolling\" style=\"--awb-border-radius-top-left:0px;--awb-border-radius-top-right:0px;--awb-border-radius-bottom-right:0px;--awb-border-radius-bottom-left:0px;--awb-padding-left:20px;--awb-margin-bottom:0px;--awb-background-color:#1f2e37;--awb-flex-wrap:wrap;\" ><div class=\"fusion-builder-row fusion-row fusion-flex-align-items-flex-start fusion-flex-content-wrap\" style=\"width:104% !important;max-width:104% !important;margin-left: calc(-4% \/ 2 );margin-right: calc(-4% \/ 2 );\"><div class=\"fusion-layout-column fusion_builder_column fusion-builder-column-1 fusion_builder_column_1_1 1_1 fusion-flex-column fusion-flex-align-self-flex-start fusion-column-no-min-height\" style=\"--awb-bg-size:cover;--awb-width-large:100%;--awb-margin-top-large:40px;--awb-spacing-right-large:1.92%;--awb-margin-bottom-large:0px;--awb-spacing-left-large:1.92%;--awb-width-medium:100%;--awb-spacing-right-medium:1.92%;--awb-spacing-left-medium:1.92%;--awb-width-small:100%;--awb-spacing-right-small:1.92%;--awb-spacing-left-small:1.92%;\"><div class=\"fusion-column-wrapper fusion-column-has-shadow fusion-flex-justify-content-flex-start fusion-content-layout-column\"><div class=\"fusion-text fusion-text-3\"><p><img decoding=\"async\" class=\"lazyload aligncenter wp-image-2752 size-medium\" src=\"https:\/\/www.etnaest.com\/wp-content\/uploads\/2020\/06\/etnahr-300x36.png\" data-orig-src=\"https:\/\/www.etnaest.com\/wp-content\/uploads\/2020\/06\/etnahr-300x36.png\" alt=\"\" width=\"300\" height=\"36\" srcset=\"data:image\/svg+xml,%3Csvg%20xmlns%3D%27http%3A%2F%2Fwww.w3.org%2F2000%2Fsvg%27%20width%3D%27300%27%20height%3D%2736%27%20viewBox%3D%270%200%20300%2036%27%3E%3Crect%20width%3D%27300%27%20height%3D%2736%27%20fill-opacity%3D%220%22%2F%3E%3C%2Fsvg%3E\" data-srcset=\"https:\/\/www.etnaest.com\/wp-content\/uploads\/2020\/06\/etnahr-200x24.png 200w, https:\/\/www.etnaest.com\/wp-content\/uploads\/2020\/06\/etnahr-300x36.png 300w, https:\/\/www.etnaest.com\/wp-content\/uploads\/2020\/06\/etnahr-400x48.png 400w, https:\/\/www.etnaest.com\/wp-content\/uploads\/2020\/06\/etnahr-600x71.png 600w, https:\/\/www.etnaest.com\/wp-content\/uploads\/2020\/06\/etnahr-669x83.png 669w, https:\/\/www.etnaest.com\/wp-content\/uploads\/2020\/06\/etnahr.png 698w\" data-sizes=\"auto\" data-orig-sizes=\"(max-width: 300px) 100vw, 300px\" \/><\/p>\n<\/div><div class=\"fusion-title title fusion-title-2 fusion-sep-none fusion-title-center fusion-title-text fusion-title-size-one\" style=\"--awb-text-color:#ffffff;--awb-margin-top:20px;\"><h1 class=\"fusion-title-heading title-heading-center\" style=\"margin:0;\">PROGRAMME SYRACUSE ORTIGIA<\/h1><\/div><\/div><\/div><div class=\"fusion-layout-column fusion_builder_column fusion-builder-column-2 fusion_builder_column_1_1 1_1 fusion-flex-column fusion-flex-align-self-flex-start fusion-column-no-min-height\" style=\"--awb-padding-top:20px;--awb-padding-right:15px;--awb-padding-bottom:20px;--awb-padding-left:10px;--awb-overflow:hidden;--awb-bg-color:#2f4656;--awb-bg-color-hover:#2f4656;--awb-bg-size:cover;--awb-border-radius:20px 20px 0px 0px;--awb-width-large:100%;--awb-margin-top-large:30px;--awb-spacing-right-large:1.92%;--awb-margin-bottom-large:0px;--awb-spacing-left-large:1.92%;--awb-width-medium:100%;--awb-spacing-right-medium:1.92%;--awb-spacing-left-medium:1.92%;--awb-width-small:100%;--awb-spacing-right-small:1.92%;--awb-spacing-left-small:1.92%;\"><div class=\"fusion-column-wrapper fusion-column-has-shadow fusion-flex-justify-content-flex-start fusion-content-layout-column\"><ul style=\"--awb-line-height:27.2px;--awb-icon-width:27.2px;--awb-icon-height:27.2px;--awb-icon-margin:11.2px;--awb-content-margin:38.4px;\" class=\"fusion-checklist fusion-checklist-1 fusion-checklist-default type-icons\"><li class=\"fusion-li-item\" style=\"\"><span class=\"icon-wrapper circle-no\"><i class=\"fusion-li-icon fa-users fas\" aria-hidden=\"true\"><\/i><\/span><div class=\"fusion-li-item-content\">\n<h4>MIN. 6 PAX<\/h4>\n<\/div><\/li><li class=\"fusion-li-item\" style=\"\"><span class=\"icon-wrapper circle-no\"><i class=\"fusion-li-icon fa-check fas\" aria-hidden=\"true\"><\/i><\/span><div class=\"fusion-li-item-content\">\n<p>Transfert gratuit depuis votre logement \u00e0 Catane pour la ville de Syracuse<\/p>\n<\/div><\/li><li class=\"fusion-li-item\" style=\"\"><span class=\"icon-wrapper circle-no\"><i class=\"fusion-li-icon fa-check fas\" aria-hidden=\"true\"><\/i><\/span><div class=\"fusion-li-item-content\">\n<p>Le tour commencera par la visite du parc arch\u00e9ologique de Neaopolis * o\u00f9 nous pourrons admirer la Basilique de San Nicol\u00f2 des Cordari, le Th\u00e9\u00e2tre grec, l\u2019Amphith\u00e9\u00e2tre romain, l\u2019Oreille de Denys.<\/p>\n<\/div><\/li><li class=\"fusion-li-item\" style=\"\"><span class=\"icon-wrapper circle-no\"><i class=\"fusion-li-icon fa-check fas\" aria-hidden=\"true\"><\/i><\/span><div class=\"fusion-li-item-content\">\n<p>Nous nous rendrons ensuite sur la presqu\u2019\u00eele d\u2019Ortigia tr\u00e8s proche de Siracusa o\u00f9 nous visiterons la magnifique Cath\u00e9drale*, l\u2019\u00e9glise de Santa Lucia alla Badia, la Fontaine Aretusa et pourrons admirer tout le long de notre promenade un spectacle de baroque.<\/p>\n<\/div><\/li><\/ul><div class=\"fusion-text fusion-text-4\"><p><em>* Les billets d\u2019entr\u00e9e ne sont pas compris <\/em><\/p>\n<\/div><\/div><\/div><div class=\"fusion-layout-column fusion_builder_column fusion-builder-column-3 fusion_builder_column_1_1 1_1 fusion-flex-column\" style=\"--awb-bg-blend:overlay;--awb-bg-size:cover;--awb-width-large:100%;--awb-margin-top-large:0px;--awb-spacing-right-large:1.92%;--awb-margin-bottom-large:0px;--awb-spacing-left-large:1.92%;--awb-width-medium:100%;--awb-spacing-right-medium:1.92%;--awb-spacing-left-medium:1.92%;--awb-width-small:100%;--awb-spacing-right-small:1.92%;--awb-spacing-left-small:1.92%;\"><div class=\"fusion-column-wrapper fusion-column-has-shadow fusion-flex-justify-content-flex-start fusion-content-layout-column\"><div class=\"fusion-slider-sc fusion-no-large-visibility\"><div class=\"fusion-flexslider-loading flexslider flexslider-hover-type-none\" data-slideshow_autoplay=\"1\" data-slideshow_smooth_height=\"0\" data-slideshow_speed=\"7000\" style=\"max-width:100%;height:100%;\"><ul class=\"slides\"><li class=\"image\"><span class=\"lazyload fusion-image-hover-element hover-type-none\"><img decoding=\"async\" src=\"data:image\/svg+xml,%3Csvg%20xmlns%3D%27http%3A%2F%2Fwww.w3.org%2F2000%2Fsvg%27%20width%3D%27670%27%20height%3D%27443%27%20viewBox%3D%270%200%20670%20443%27%3E%3Crect%20width%3D%27670%27%20height%3D%27443%27%20fill-opacity%3D%220%22%2F%3E%3C%2Fsvg%3E\" data-orig-src=\"https:\/\/www.etnaest.com\/wp-content\/uploads\/2014\/07\/sr-1.jpg\" width=\"670\" height=\"443\" class=\"lazyload wp-image-314\" \/><\/span><\/li><li class=\"image\"><span class=\"lazyload fusion-image-hover-element hover-type-none\"><img decoding=\"async\" src=\"data:image\/svg+xml,%3Csvg%20xmlns%3D%27http%3A%2F%2Fwww.w3.org%2F2000%2Fsvg%27%20width%3D%27670%27%20height%3D%27443%27%20viewBox%3D%270%200%20670%20443%27%3E%3Crect%20width%3D%27670%27%20height%3D%27443%27%20fill-opacity%3D%220%22%2F%3E%3C%2Fsvg%3E\" data-orig-src=\"https:\/\/www.etnaest.com\/wp-content\/uploads\/2014\/07\/sr-2.jpg\" width=\"670\" height=\"443\" class=\"lazyload wp-image-315\" \/><\/span><\/li><li class=\"image\"><span class=\"lazyload fusion-image-hover-element hover-type-none\"><img decoding=\"async\" src=\"data:image\/svg+xml,%3Csvg%20xmlns%3D%27http%3A%2F%2Fwww.w3.org%2F2000%2Fsvg%27%20width%3D%27670%27%20height%3D%27443%27%20viewBox%3D%270%200%20670%20443%27%3E%3Crect%20width%3D%27670%27%20height%3D%27443%27%20fill-opacity%3D%220%22%2F%3E%3C%2Fsvg%3E\" data-orig-src=\"https:\/\/www.etnaest.com\/wp-content\/uploads\/2014\/07\/tao5.jpg\" width=\"670\" height=\"443\" class=\"lazyload wp-image-460\" \/><\/span><\/li><\/ul><\/div><\/div><div class=\"awb-gallery-wrapper awb-gallery-wrapper-1 fusion-no-small-visibility fusion-no-medium-visibility button-span-no\"><div style=\"margin:-5px;--awb-bordersize:0px;\" class=\"fusion-gallery fusion-gallery-container fusion-grid-3 fusion-columns-total-3 fusion-gallery-layout-grid fusion-gallery-1\"><div style=\"padding:5px;\" class=\"fusion-grid-column fusion-gallery-column fusion-gallery-column-3 hover-type-none\"><div class=\"fusion-gallery-image\"><a href=\"https:\/\/www.etnaest.com\/wp-content\/uploads\/2014\/07\/sr-1.jpg\" rel=\"noreferrer\" data-rel=\"iLightbox[gallery_image_1]\" class=\"fusion-lightbox\" target=\"_self\"><img decoding=\"async\" src=\"data:image\/svg+xml,%3Csvg%20xmlns%3D%27http%3A%2F%2Fwww.w3.org%2F2000%2Fsvg%27%20width%3D%27670%27%20height%3D%27443%27%20viewBox%3D%270%200%20670%20443%27%3E%3Crect%20width%3D%27670%27%20height%3D%27443%27%20fill-opacity%3D%220%22%2F%3E%3C%2Fsvg%3E\" data-orig-src=\"https:\/\/www.etnaest.com\/wp-content\/uploads\/2014\/07\/sr-1.jpg\" width=\"670\" height=\"443\" alt=\"\" title=\"sr-1\" aria-label=\"sr-1\" class=\"lazyload img-responsive wp-image-314\"  \/><\/a><\/div><\/div><div style=\"padding:5px;\" class=\"fusion-grid-column fusion-gallery-column fusion-gallery-column-3 hover-type-none\"><div class=\"fusion-gallery-image\"><a href=\"https:\/\/www.etnaest.com\/wp-content\/uploads\/2014\/07\/sr-2.jpg\" rel=\"noreferrer\" data-rel=\"iLightbox[gallery_image_1]\" class=\"fusion-lightbox\" target=\"_self\"><img decoding=\"async\" src=\"data:image\/svg+xml,%3Csvg%20xmlns%3D%27http%3A%2F%2Fwww.w3.org%2F2000%2Fsvg%27%20width%3D%27670%27%20height%3D%27443%27%20viewBox%3D%270%200%20670%20443%27%3E%3Crect%20width%3D%27670%27%20height%3D%27443%27%20fill-opacity%3D%220%22%2F%3E%3C%2Fsvg%3E\" data-orig-src=\"https:\/\/www.etnaest.com\/wp-content\/uploads\/2014\/07\/sr-2.jpg\" width=\"670\" height=\"443\" alt=\"\" title=\"sr-2\" aria-label=\"sr-2\" class=\"lazyload img-responsive wp-image-315\"  \/><\/a><\/div><\/div><div style=\"padding:5px;\" class=\"fusion-grid-column fusion-gallery-column fusion-gallery-column-3 hover-type-none\"><div class=\"fusion-gallery-image\"><a href=\"https:\/\/www.etnaest.com\/wp-content\/uploads\/2014\/07\/tao5.jpg\" rel=\"noreferrer\" data-rel=\"iLightbox[gallery_image_1]\" class=\"fusion-lightbox\" target=\"_self\"><img decoding=\"async\" src=\"data:image\/svg+xml,%3Csvg%20xmlns%3D%27http%3A%2F%2Fwww.w3.org%2F2000%2Fsvg%27%20width%3D%27670%27%20height%3D%27443%27%20viewBox%3D%270%200%20670%20443%27%3E%3Crect%20width%3D%27670%27%20height%3D%27443%27%20fill-opacity%3D%220%22%2F%3E%3C%2Fsvg%3E\" data-orig-src=\"https:\/\/www.etnaest.com\/wp-content\/uploads\/2014\/07\/tao5.jpg\" width=\"670\" height=\"443\" alt=\"\" title=\"tao5\" aria-label=\"tao5\" class=\"lazyload img-responsive wp-image-460\"  \/><\/a><\/div><\/div><div class=\"clearfix\"><\/div><\/div><\/div><\/div><\/div><div class=\"fusion-layout-column fusion_builder_column fusion-builder-column-4 fusion_builder_column_1_1 1_1 fusion-flex-column fusion-flex-align-self-flex-start fusion-column-no-min-height\" style=\"--awb-padding-top:20px;--awb-padding-right:15px;--awb-padding-bottom:20px;--awb-padding-left:10px;--awb-overflow:hidden;--awb-bg-color:#35586f;--awb-bg-color-hover:#35586f;--awb-bg-size:cover;--awb-border-radius:0px 0px 20px 20px;--awb-width-large:100%;--awb-margin-top-large:0px;--awb-spacing-right-large:1.92%;--awb-margin-bottom-large:0px;--awb-spacing-left-large:1.92%;--awb-width-medium:100%;--awb-spacing-right-medium:1.92%;--awb-spacing-left-medium:1.92%;--awb-width-small:100%;--awb-spacing-right-small:1.92%;--awb-spacing-left-small:1.92%;\"><div class=\"fusion-column-wrapper fusion-column-has-shadow fusion-flex-justify-content-flex-start fusion-content-layout-column\"><div class=\"fusion-title title fusion-title-3 sep-underline sep-solid fusion-title-text fusion-title-size-four\" style=\"--awb-text-color:#ffffff;--awb-sep-color:#ffffff;\"><h4 class=\"fusion-title-heading title-heading-left\" style=\"margin:0;\">Le prix comprend<\/h4><\/div><ul style=\"--awb-line-height:27.2px;--awb-icon-width:27.2px;--awb-icon-height:27.2px;--awb-icon-margin:11.2px;--awb-content-margin:38.4px;\" class=\"fusion-checklist fusion-checklist-2 fusion-checklist-default type-icons\"><li class=\"fusion-li-item\" style=\"\"><span class=\"icon-wrapper circle-no\"><i class=\"fusion-li-icon fa-angle-right fas\" aria-hidden=\"true\"><\/i><\/span><div class=\"fusion-li-item-content\">\n<p>Assurance<\/p>\n<\/div><\/li><li class=\"fusion-li-item\" style=\"\"><span class=\"icon-wrapper circle-no\"><i class=\"fusion-li-icon fa-angle-right fas\" aria-hidden=\"true\"><\/i><\/span><div class=\"fusion-li-item-content\">\n<p>Chauffer multilingue (pas guide touristique)<\/p>\n<\/div><\/li><li class=\"fusion-li-item\" style=\"\"><span class=\"icon-wrapper circle-no\"><i class=\"fusion-li-icon fa-angle-right fas\" aria-hidden=\"true\"><\/i><\/span><div class=\"fusion-li-item-content\">\n<p>Ce qui est express\u00e9ment pr\u00e9vu dans le programme<\/p>\n<\/div><\/li><\/ul><\/div><\/div><div class=\"fusion-layout-column fusion_builder_column fusion-builder-column-5 fusion_builder_column_1_1 1_1 fusion-flex-column fusion-flex-align-self-flex-start fusion-column-no-min-height\" style=\"--awb-bg-size:cover;--awb-width-large:100%;--awb-margin-top-large:0px;--awb-spacing-right-large:1.92%;--awb-margin-bottom-large:0px;--awb-spacing-left-large:1.92%;--awb-width-medium:100%;--awb-spacing-right-medium:1.92%;--awb-spacing-left-medium:1.92%;--awb-width-small:100%;--awb-spacing-right-small:1.92%;--awb-spacing-left-small:1.92%;\"><div class=\"fusion-column-wrapper fusion-flex-justify-content-flex-start fusion-content-layout-column\"><div class=\"fusion-title title fusion-title-4 fusion-sep-none fusion-title-center fusion-title-text fusion-title-size-four\" style=\"--awb-margin-top:30PX;--awb-margin-bottom:30px;--awb-margin-top-small:30px;--awb-margin-bottom-small:20px;--awb-sep-color:#35586f;\"><h4 class=\"fusion-title-heading title-heading-center\" style=\"margin:0;\"><a title=\"prenota etna morning\" name=\"preno\"><\/a><br \/>\nR\u00c9SERVEZ MAINTENANT!<\/h4><\/div><div class=\"fusion-text fusion-text-5\" style=\"--awb-text-transform:none;\"><div class=\"prenotaora\">\n<div class=\"pren-weboffer\">\n<h4>75\u20ac<\/h4>\n<p><span style=\"font-size: 15px; font-weight: bold;\">(65\u20ac enfants jusqu\u2019\u00e0 12 ans)<\/span><br \/>\n<button class=\"regiondo-button\" data-url=\"https:\/\/etnaest.regiondo.fr\/bookingwidget\/vendor\/21756\/id\/79536\">PRENOTA ORA<\/button><br \/>\n<script id=\"regiondo-button-js\" async defer src=\"https:\/\/cdn.regiondo.net\/js\/integration\/regiondo-button.js\"><\/script><\/p>\n<\/div>\n<\/div>\n<\/div><\/div><\/div><\/div><\/div><\/p>\n","protected":false},"excerpt":{"rendered":"","protected":false},"author":4,"featured_media":0,"parent":0,"menu_order":8,"comment_status":"closed","ping_status":"closed","template":"100-width.php","meta":{"footnotes":""},"class_list":["post-714","page","type-page","status-publish","hentry"],"_links":{"self":[{"href":"https:\/\/www.etnaest.com\/fr\/wp-json\/wp\/v2\/pages\/714","targetHints":{"allow":["GET"]}}],"collection":[{"href":"https:\/\/www.etnaest.com\/fr\/wp-json\/wp\/v2\/pages"}],"about":[{"href":"https:\/\/www.etnaest.com\/fr\/wp-json\/wp\/v2\/types\/page"}],"author":[{"embeddable":true,"href":"https:\/\/www.etnaest.com\/fr\/wp-json\/wp\/v2\/users\/4"}],"replies":[{"embeddable":true,"href":"https:\/\/www.etnaest.com\/fr\/wp-json\/wp\/v2\/comments?post=714"}],"version-history":[{"count":0,"href":"https:\/\/www.etnaest.com\/fr\/wp-json\/wp\/v2\/pages\/714\/revisions"}],"wp:attachment":[{"href":"https:\/\/www.etnaest.com\/fr\/wp-json\/wp\/v2\/media?parent=714"}],"curies":[{"name":"wp","href":"https:\/\/api.w.org\/{rel}","templated":true}]}}